{"id":3491,"date":"2020-02-07T02:16:32","date_gmt":"2020-02-07T02:16:32","guid":{"rendered":"https:\/\/demo.casethemes.net\/consultio-medical\/?page_id=3491"},"modified":"2025-01-03T19:34:30","modified_gmt":"2025-01-03T19:34:30","slug":"zoho-books","status":"publish","type":"page","link":"https:\/\/dacflex.com\/zoho\/zoho-books\/","title":{"rendered":"Zoho Books"},"content":{"rendered":"\t\t<div data-elementor-type=\"wp-page\" data-elementor-id=\"3491\" class=\"elementor elementor-3491\">\n\t\t\t\t<div class=\"elementor-element elementor-element-33b98f9 e-flex e-con-boxed e-con e-parent\" data-id=\"33b98f9\" data-element_type=\"container\" data-e-type=\"container\">\n\t\t\t\t\t<div class=\"e-con-inner\">\n\t\t<div class=\"elementor-element elementor-element-065ab7b e-con-full e-flex e-con e-child\" data-id=\"065ab7b\" data-element_type=\"container\" data-e-type=\"container\">\n\t\t\t\t<div class=\"elementor-element elementor-element-4e3e765 elementor-widget elementor-widget-image\" data-id=\"4e3e765\" data-element_type=\"widget\" data-e-type=\"widget\" data-widget_type=\"image.default\">\n\t\t\t\t<div class=\"elementor-widget-container\">\n\t\t\t\t\t\t\t\t\t\t\t\t\t\t\t<img fetchpriority=\"high\" decoding=\"async\" width=\"640\" height=\"220\" src=\"https:\/\/dacflex.com\/zoho\/wp-content\/uploads\/2025\/01\/zoho-books_wsgm.png\" class=\"attachment-large size-large wp-image-4828\" alt=\"\" srcset=\"https:\/\/dacflex.com\/zoho\/wp-content\/uploads\/2025\/01\/zoho-books_wsgm.png 860w, https:\/\/dacflex.com\/zoho\/wp-content\/uploads\/2025\/01\/zoho-books_wsgm-300x103.png 300w, https:\/\/dacflex.com\/zoho\/wp-content\/uploads\/2025\/01\/zoho-books_wsgm-768x264.png 768w\" sizes=\"(max-width: 640px) 100vw, 640px\" \/>\t\t\t\t\t\t\t\t\t\t\t\t\t\t\t<\/div>\n\t\t\t\t<\/div>\n\t\t\t\t<\/div>\n\t\t<div class=\"elementor-element elementor-element-aa97c53 e-con-full e-flex e-con e-child\" data-id=\"aa97c53\" data-element_type=\"container\" data-e-type=\"container\">\n\t\t\t\t<div class=\"elementor-element elementor-element-f0a6e28 elementor-widget elementor-widget-heading\" data-id=\"f0a6e28\" data-element_type=\"widget\" data-e-type=\"widget\" data-widget_type=\"heading.default\">\n\t\t\t\t<div class=\"elementor-widget-container\">\n\t\t\t\t\t<h2 class=\"elementor-heading-title elementor-size-default\">Zoho Books<\/h2>\t\t\t\t<\/div>\n\t\t\t\t<\/div>\n\t\t\t\t<div class=\"elementor-element elementor-element-51720b1 elementor-widget elementor-widget-heading\" data-id=\"51720b1\" data-element_type=\"widget\" data-e-type=\"widget\" data-widget_type=\"heading.default\">\n\t\t\t\t<div class=\"elementor-widget-container\">\n\t\t\t\t\t<h2 class=\"elementor-heading-title elementor-size-default\">Tu Aliado en la Gesti\u00f3n Financiera<\/h2>\t\t\t\t<\/div>\n\t\t\t\t<\/div>\n\t\t\t\t<div class=\"elementor-element elementor-element-beaa438 elementor-widget elementor-widget-text-editor\" data-id=\"beaa438\" data-element_type=\"widget\" data-e-type=\"widget\" data-widget_type=\"text-editor.default\">\n\t\t\t\t<div class=\"elementor-widget-container\">\n\t\t\t\t\t\t\t\t\t<p>Zoho Books es una herramienta de contabilidad en la nube dise\u00f1ada para simplificar la administraci\u00f3n de tus finanzas empresariales. Con Zoho Books, puedes gestionar facturaci\u00f3n, control de gastos, conciliaciones bancarias, impuestos y reportes financieros desde una plataforma f\u00e1cil de usar.<\/p><p>Adem\u00e1s, se integra con otras aplicaciones de Zoho y herramientas externas, permiti\u00e9ndote automatizar procesos clave y mantener el control de tu negocio en tiempo real. Es ideal para emprendedores, peque\u00f1as empresas y cualquier organizaci\u00f3n que busque eficiencia en su gesti\u00f3n financiera.<\/p>\t\t\t\t\t\t\t\t<\/div>\n\t\t\t\t<\/div>\n\t\t\t\t<\/div>\n\t\t\t\t\t<\/div>\n\t\t\t\t<\/div>\n\t\t\t\t<\/div>\n\t\t","protected":false},"excerpt":{"rendered":"<p>Zoho Books Tu Aliado en la Gesti\u00f3n Financiera Zoho Books es una herramienta de contabilidad en la nube dise\u00f1ada para simplificar la administraci\u00f3n de tus finanzas empresariales. Con Zoho Books, puedes gestionar facturaci\u00f3n, control de gastos, conciliaciones bancarias, impuestos y reportes financieros desde una plataforma f\u00e1cil de usar. Adem\u00e1s, se integra con otras aplicaciones de [&hellip;]<\/p>\n","protected":false},"author":1,"featured_media":0,"parent":0,"menu_order":0,"comment_status":"closed","ping_status":"closed","template":"","meta":{"_joinchat":[],"footnotes":""},"class_list":["post-3491","page","type-page","status-publish","hentry"],"_links":{"self":[{"href":"https:\/\/dacflex.com\/zoho\/wp-json\/wp\/v2\/pages\/3491","targetHints":{"allow":["GET"]}}],"collection":[{"href":"https:\/\/dacflex.com\/zoho\/wp-json\/wp\/v2\/pages"}],"about":[{"href":"https:\/\/dacflex.com\/zoho\/wp-json\/wp\/v2\/types\/page"}],"author":[{"embeddable":true,"href":"https:\/\/dacflex.com\/zoho\/wp-json\/wp\/v2\/users\/1"}],"replies":[{"embeddable":true,"href":"https:\/\/dacflex.com\/zoho\/wp-json\/wp\/v2\/comments?post=3491"}],"version-history":[{"count":15,"href":"https:\/\/dacflex.com\/zoho\/wp-json\/wp\/v2\/pages\/3491\/revisions"}],"predecessor-version":[{"id":4858,"href":"https:\/\/dacflex.com\/zoho\/wp-json\/wp\/v2\/pages\/3491\/revisions\/4858"}],"wp:attachment":[{"href":"https:\/\/dacflex.com\/zoho\/wp-json\/wp\/v2\/media?parent=3491"}],"curies":[{"name":"wp","href":"https:\/\/api.w.org\/{rel}","templated":true}]}}