{"id":3512,"date":"2020-02-07T02:19:39","date_gmt":"2020-02-07T02:19:39","guid":{"rendered":"https:\/\/demo.casethemes.net\/consultio-medical\/?page_id=3512"},"modified":"2026-04-13T17:50:38","modified_gmt":"2026-04-13T17:50:38","slug":"contactos","status":"publish","type":"page","link":"https:\/\/dacflex.com\/zoho\/contactos\/","title":{"rendered":"Contactos"},"content":{"rendered":"\t\t<div data-elementor-type=\"wp-page\" data-elementor-id=\"3512\" class=\"elementor elementor-3512\">\n\t\t\t\t        <section class=\"elementor-section elementor-top-section elementor-element elementor-element-35ebeef elementor-section-stretched elementor-section-boxed elementor-section-height-default elementor-section-height-default ct-header-fixed-none ct-row-max-none\" data-id=\"35ebeef\" data-element_type=\"section\" data-e-type=\"section\" data-settings=\"{&quot;stretch_section&quot;:&quot;section-stretched&quot;,&quot;background_background&quot;:&quot;classic&quot;}\">\n            \n                        <div class=\"elementor-container elementor-column-gap-extended \">\n                    <div class=\"elementor-column elementor-col-50 elementor-top-column elementor-element elementor-element-8c27832\" data-id=\"8c27832\" data-element_type=\"column\" data-e-type=\"column\">\n        <div class=\"elementor-widget-wrap elementor-element-populated\">\n                    \n        \t\t<div class=\"elementor-element elementor-element-1c3d0ed elementor-widget elementor-widget-html\" data-id=\"1c3d0ed\" data-element_type=\"widget\" data-e-type=\"widget\" data-widget_type=\"html.default\">\n\t\t\t\t<div class=\"elementor-widget-container\">\n\t\t\t\t\t<style>\r\n    .contact-card {\r\n        font-family: Arial, sans-serif;\r\n        background: #ffffff;\r\n        padding: 20px;\r\n        border-radius: 10px;\r\n        max-width: 450px;\r\n    }\r\n\r\n    .contact-item {\r\n        display: flex;\r\n        align-items: flex-start;\r\n        padding: 15px 0;\r\n        border-bottom: 1px solid #f0f2f5;\r\n    }\r\n\r\n    .contact-item:last-child {\r\n        border-bottom: none;\r\n    }\r\n\r\n    .icon-box {\r\n        background-color: #eef7ff;\r\n        color: #3498db;\r\n        width: 40px;\r\n        height: 40px;\r\n        border-radius: 6px;\r\n        display: flex;\r\n        align-items: center;\r\n        justify-content: center;\r\n        margin-right: 15px;\r\n        flex-shrink: 0;\r\n    }\r\n\r\n    .content-box {\r\n        display: flex;\r\n        flex-direction: column;\r\n    }\r\n\r\n    .label-title {\r\n        color: #7f8c8d;\r\n        font-size: 11px;\r\n        text-transform: uppercase;\r\n        letter-spacing: 1px;\r\n        margin-bottom: 4px;\r\n        font-weight: bold;\r\n    }\r\n\r\n    .info-text {\r\n        color: #2c3e50;\r\n        font-size: 14px;\r\n        line-height: 1.5;\r\n    }\r\n\r\n    .info-text a {\r\n        text-decoration: none;\r\n        color: inherit;\r\n        font-weight: bold;\r\n    }\r\n\r\n    .sub-text {\r\n        display: block;\r\n        font-size: 13px;\r\n        color: #5d6d7e;\r\n        margin-bottom: 10px;\r\n    }\r\n<\/style>\r\n\r\n<div class=\"contact-card\">\r\n    \r\n    <div class=\"contact-item\">\r\n        <div class=\"icon-box\"><i class=\"fas fa-map-marker-alt\"><\/i><\/div>\r\n        <div class=\"content-box\">\r\n            <span class=\"label-title\">Rep\u00fablica Dominicana<\/span>\r\n            <span class=\"info-text\">Av. 27 de Febrero No. 421, Local No. 4-C-3 Plaza Dominica, El Mill\u00f3n, Santo Domingo<\/span>\r\n        <\/div>\r\n    <\/div>\r\n\r\n    <div class=\"contact-item\">\r\n        <div class=\"icon-box\"><i class=\"fas fa-map-marker-alt\"><\/i><\/div>\r\n        <div class=\"content-box\">\r\n            <span class=\"label-title\">Estados Unidos<\/span>\r\n            <span class=\"info-text\">2575 Tandori Circ, Orlando, FL 32837, USA<\/span>\r\n        <\/div>\r\n    <\/div>\r\n\r\n    <div class=\"contact-item\">\r\n        <div class=\"icon-box\"><i class=\"fas fa-phone-alt\"><\/i><\/div>\r\n        <div class=\"content-box\">\r\n            <span class=\"label-title\">Tel\u00e9fono<\/span>\r\n            <span class=\"info-text\">\r\n                <a href=\"tel:+18095633232\"><strong>+1 809-563-3232<\/strong><\/a>\r\n                <span class=\"sub-text\">(RD)<\/span>\r\n                \r\n                <a href=\"tel:+18093223279\"><strong>+1 809-322-3279<\/strong><\/a>\r\n                <span class=\"sub-text\">(RD \u2014 Soporte \/ WhatsApp)<\/span>\r\n                \r\n                <a href=\"tel:+13218887250\"><strong>+1 321-888-7250<\/strong><\/a>\r\n                <span class=\"sub-text\">(USA \u2014 WhatsApp y llamadas)<\/span>\r\n            <\/span>\r\n        <\/div>\r\n    <\/div>\r\n\r\n    <div class=\"contact-item\">\r\n        <div class=\"icon-box\"><i class=\"fas fa-envelope\"><\/i><\/div>\r\n        <div class=\"content-box\">\r\n            <span class=\"label-title\">Correo Electr\u00f3nico<\/span>\r\n            <span class=\"info-text\">\r\n                <a href=\"mailto:ventas@dacflex.com\">ventas@dacflex.com<\/a><br>\r\n                <a href=\"mailto:soporte@dacflex.com\">soporte@dacflex.com<\/a>\r\n            <\/span>\r\n        <\/div>\r\n    <\/div>\r\n\r\n    <div class=\"contact-item\">\r\n        <div class=\"icon-box\"><i class=\"fas fa-clock\"><\/i><\/div>\r\n        <div class=\"content-box\">\r\n            <span class=\"label-title\">Horario<\/span>\r\n            <span class=\"info-text\">Lun\u2013S\u00e1b: 9am \u2013 5pm<\/span>\r\n        <\/div>\r\n    <\/div>\r\n\r\n<\/div>\t\t\t\t<\/div>\n\t\t\t\t<\/div>\n\t\t            <\/div>\n        <\/div>\n                <div class=\"elementor-column elementor-col-50 elementor-top-column elementor-element elementor-element-dfda162\" data-id=\"dfda162\" data-element_type=\"column\" data-e-type=\"column\">\n        <div class=\"elementor-widget-wrap elementor-element-populated\">\n                    \n        \t\t<div class=\"elementor-element elementor-element-9f2f459 elementor-widget elementor-widget-html\" data-id=\"9f2f459\" data-element_type=\"widget\" data-e-type=\"widget\" data-widget_type=\"html.default\">\n\t\t\t\t<div class=\"elementor-widget-container\">\n\t\t\t\t\t<!-- Note :\r\n   - You can modify the font style and form style to suit your website. \r\n   - Code lines with comments Do not remove this code are required for the form to work properly, make sure that you do not remove these lines of code. \r\n   - The Mandatory check script can modified as to suit your business needs. \r\n   - It is important that you test the modified form before going live.\r\n   - Do not remove captcha and other form elements that are necessary for the form to work.  -->\r\n<div id='crmWebToEntityForm' class='zcwf_lblTopBottom crmWebToEntityForm' style='background-color: white;color: black;max-width: 404px;'>\r\n  <meta name='viewport' content='width=device-width, initial-scale=1.0'>\r\n   <META HTTP-EQUIV ='content-type' CONTENT='text\/html;charset=UTF-8'>\r\n   \r\n<script src=\"https:\/\/ajax.googleapis.com\/ajax\/libs\/jquery\/3.6.4\/jquery.min.js\"><\/script>\r\n\r\n<style>\r\n.wf_customMessageBox {\r\n\tfont-family: Arial, Helvetica, sans-serif;\r\n\tcolor: #132C14;\r\n\tbackground:  #F5FAF5;\r\n\tbox-shadow:0 2px 6px 0 rgba(0,0,0,0.25);\r\n\tmax-width: 90%;\r\n\twidth:max-content;\r\n\tword-break: break-word;\r\n\tz-index: 11000;\r\n\tborder-radius: 6px;\r\n\tborder: 1px solid #A9D3AB;\r\n\tmin-width: 100px;\r\n\tpadding: 10px 15px;\r\n\tdisplay: flex;\r\n\talign-items: center;\r\n\tposition: fixed;\r\n\ttop: 20px;\r\n\tleft: 50%;\r\n\ttransform: translate(-50%, 0);\r\n\t}\r\n.wf_customCircle {\r\n\tposition: relative;\r\n\tbackground-color: #12AA67;\r\n\tborder-radius: 100%;\r\n\twidth: 20px;\r\n\theight: 20px;\r\n\tflex:none;\r\n\tmargin-right: 7px;\r\n\t}\r\n.wf_customCheckMark {\r\n\tbox-sizing: unset !important;\r\n\tposition: absolute;\r\n\ttransform: rotate(45deg) translate(-50%, -50%);\r\n\tleft: 6px;\r\n\ttop: 9px;\r\n\theight: 8px;\r\n\twidth: 3px;\r\n\tborder-bottom: 2px solid #fff;\r\n\tborder-right: 2px solid #fff;\r\n\t}\r\n.wf_customClose {\r\n\tbox-sizing: border-box;\r\n\tposition: relative;\r\n\twidth: 18px;\r\n\theight: 18px;\r\n\t}\r\n.wf_customClose::after,\r\n.wf_customClose::before {\r\n\tcontent: \"\";\r\n\tdisplay: block;\r\n\tbox-sizing: border-box;\r\n\tposition: absolute;\r\n\twidth: 12px;\r\n\theight: 1.5px;\r\n\tbackground: #616E88;\r\n\ttransform: rotate(45deg);\r\n\tborder-radius: 5px;\r\n\ttop: 8px;\r\n\tleft: 1px\r\n\t}\r\n.wf_customClose::after {\r\n\ttransform: rotate(-45deg)\r\n}<\/style> <div class='wf_customMessageBox' id='wf_splash' style='display:none'>\r\n\t<div class=\"wf_customCircle\">\r\n\t<div class=\"wf_customCheckMark\"><\/div>\r\n<\/div>\r\n\t<span id=\"wf_splash_info\"><\/span>\r\n<\/p>\r\n<\/div>\r\n<form id='webform3504795000005751003' name=WebToLeads3504795000005751003 accept-charset='UTF-8'>\r\n <input type='text' style='display:none;' name='xnQsjsdp' value='1abff85cbcdf2a13668a1751eb3a3562ed78e15f64718691e3412cd1a7593ab8'><\/input> \r\n <input type='hidden' name='zc_gad' id='zc_gad' value=''><\/input>\r\n <input type='text' style='display:none;' name='xmIwtLD' value='4cfe57c56b689cfeb38006627b546d7d407e0aad6025e9bd120d5713a7ae35218d1814968ca1994bfebe0a9e706c7010'><\/input> \r\n <input type='text'  style='display:none;' name='actionType' value='TGVhZHM='><\/input>\r\n <input type='text' style='display:none;' name='returnURL' value='null' > <\/input>\r\n\t <!-- Do not remove this code. -->\r\n<style>\r\nhtml,body{\r\n\tmargin: 0px;\r\n}\r\n#crmWebToEntityForm.zcwf_lblTopBottom {\r\n\twidth:100%;\r\n\tpadding: 25px;\r\n\tmargin: 0 auto;\r\n\tbox-sizing: border-box;\r\n}\r\n#crmWebToEntityForm.zcwf_lblTopBottom * {\r\n\tbox-sizing: border-box;\r\n}\r\n#crmWebToEntityForm{text-align: left;}\r\n#crmWebToEntityForm * {\r\n\tdirection: ltr;\r\n}\r\n.zcwf_lblTopBottom .zcwf_title {\r\n\tword-wrap: break-word;\r\n\tpadding: 0px 6px 10px;\r\n\tfont-weight:bold }.zcwf_lblTopBottom.cpT_primaryBtn:hover{\r\n\tbackground: linear-gradient(#02acff 0,#006be4 100%) no-repeat padding-box !important;\r\n\tbox-shadow: 0 -2px 0 0 #0159b9 inset !important;\r\n\tborder: 0 !important;\r\n\tcolor: #fff !important;\r\n\toutline: 0 !important;\r\n}.zcwf_lblTopBottom .zcwf_col_fld input[type=text], input[type=password], .zcwf_lblTopBottom .zcwf_col_fld textarea {\r\n\twidth: 60%;\r\n\tborder: 1px solid #c0c6cc !important;\r\n\tresize: vertical;\r\n\tborder-radius: 2px;\r\n\tfloat: left;\r\n}\r\n.zcwf_lblTopBottom .zcwf_col_lab {\r\n\twidth: 30%;\r\n\tword-break: break-word;\r\n\tpadding: 0px 6px 0px;\r\n\tmargin-right: 10px;\r\n\tmargin-top: 5px;\r\n\tpadding-bottom: 4px;\r\n}\r\n.zcwf_lblTopBottom .zcwf_col_fld {\r\n\twidth: 60%;\r\n\tpadding: 0px 6px 0px;\r\n\tposition: relative;\r\n\tmargin-top: 5px;\r\n}\r\n.zcwf_lblTopBottom .zcwf_privacy{padding: 6px;}\r\n.zcwf_lblTopBottom .wfrm_fld_dpNn{display: none;}\r\n.dIB{display: inline-block;}\r\n.zcwf_lblTopBottom .zcwf_col_fld_slt {\r\n\twidth: 60%;\r\n\tborder: 1px solid #ccc;\r\n\tbackground: #fff;\r\n\tborder-radius: 4px;\r\n\tfont-size: 12px;\r\n\tfloat: left;\r\n\tresize: vertical;\r\n\tpadding: 2px 5px;\r\n}\r\n.zcwf_lblTopBottom .zcwf_row:after, .zcwf_lblTopBottom .zcwf_col_fld:after {\r\n\tcontent: '';\r\n\tdisplay: table;\r\n\tclear: both;\r\n}\r\n.zcwf_lblTopBottom .zcwf_col_help {\r\n\tfloat: left;\r\n\tmargin-left: 7px;\r\n\tfont-size: 12px;\r\n\tmax-width: 35%;\r\n\tword-break: break-word;\r\n}\r\n.zcwf_lblTopBottom .zcwf_help_icon {\r\n\tcursor: pointer;\r\n\twidth: 16px;\r\n\theight: 16px;\r\n\tdisplay: inline-block;\r\n\tbackground: #fff;\r\n\tborder: 1px solid #c0c6cc;\r\n\tcolor: #c1c1c1;\r\n\ttext-align: center;\r\n\tfont-size: 11px;\r\n\tline-height: 16px;\r\n\tfont-weight: bold;\r\n\tborder-radius: 50%;\r\n}\r\n.zcwf_lblTopBottom .zcwf_row {margin: 15px 0px;}\r\n.zcwf_lblTopBottom .formsubmit {\r\n\tmargin-right: 5px;\r\n\tcursor: pointer;\r\n\tcolor: var(--baseColor);\r\n\tfont-size: 12px;\r\n}\r\n.zcwf_lblTopBottom .zcwf_privacy_txt {\r\n\twidth: 90%;\r\n\tcolor: rgb(0, 0, 0);\r\n\tfont-size: 12px;\r\n\tfont-family: Arial;\r\n\tdisplay: inline-block;\r\n\tvertical-align: top;\r\n\tcolor: var(--baseColor);\r\n\tpadding-top: 2px;\r\n\tmargin-left: 6px;\r\n}\r\n.zcwf_lblTopBottom .zcwf_button {\r\n\tfont-size: 12px;\r\n\tcolor: var(--baseColor);\r\n\tborder: 1px solid #c0c6cc;\r\n\tpadding: 3px 9px;\r\n\tborder-radius: 4px;\r\n\tcursor: pointer;\r\n\tmax-width: 120px;\r\n\toverflow: hidden;\r\n\ttext-overflow: ellipsis;\r\n\twhite-space: nowrap;\r\n}\r\n.zcwf_lblTopBottom .zcwf_tooltip_over{\r\n\tposition: relative;\r\n}\r\n.zcwf_lblTopBottom .zcwf_tooltip_ctn{\r\n\tposition: absolute;\r\n\tbackground: #dedede;\r\n\tpadding: 3px 6px;\r\n\ttop: 3px;\r\n\tborder-radius: 4px;word-break: break-word;\r\n\tmin-width: 100px;\r\n\tmax-width: 150px;\r\n\tcolor: var(--baseColor);\r\n\tz-index: 100;\r\n}\r\n.zcwf_lblTopBottom .zcwf_ckbox{\r\n\tfloat: left;\r\n}\r\n.zcwf_lblTopBottom .zcwf_file{\r\n\twidth: 35%;\r\n\tbox-sizing: border-box;\r\n\tfloat: left;\r\n}\r\n.clearB:after{\r\n\tcontent:'';\r\n\tdisplay: block;\r\n\tclear: both;\r\n}\r\n@media all  {\r\n\t.zcwf_lblTopBottom .zcwf_col_lab, .zcwf_lblTopBottom .zcwf_col_fld {\r\n\t\twidth: auto;\r\n\t\tfloat: none !important;\r\n\t}\r\n\t.zcwf_lblTopBottom .zcwf_col_help {width: 40%;}\r\n}\r\n<\/style>\r\n<div class='zcwf_title' style='max-width: 404px;color: black; font-family:Arial;'>DACFLEX<\/div><div class='zcwf_row'><div class='zcwf_col_lab' style='font-size:12px; font-family: Arial;'><label for='Company'>Compa\u00f1\u00eda | Empresa<span style='color:red;'>*<\/span><\/label><\/div><div class='zcwf_col_fld'><input type='text' id='Company' name='Company' maxlength='200'><\/input><div class='zcwf_col_help'><\/div><\/div><\/div><div class='zcwf_row'><div class='zcwf_col_lab' style='font-size:12px; font-family: Arial;'><label for='First_Name'>Nombre Completo<span style='color:red;'>*<\/span><\/label><\/div><div class='zcwf_col_fld'><input type='text' id='First_Name' name='First Name' maxlength='40'><\/input><div class='zcwf_col_help'><\/div><\/div><\/div><div class='zcwf_row'><div class='zcwf_col_lab' style='font-size:12px; font-family: Arial;'><label for='Last_Name'>Apellidos<span style='color:red;'>*<\/span><\/label><\/div><div class='zcwf_col_fld'><input type='text' id='Last_Name' name='Last Name' maxlength='80'><\/input><div class='zcwf_col_help'><\/div><\/div><\/div><div class='zcwf_row'><div class='zcwf_col_lab' style='font-size:12px; font-family: Arial;'><label for='Email'>Email<span style='color:red;'>*<\/span><\/label><\/div><div class='zcwf_col_fld'><input type='text' ftype='email' autocomplete='false' id='Email' name='Email' crmlabel='' maxlength='100'><\/input><div class='zcwf_col_help'><\/div><\/div><\/div><div class='zcwf_row'><div class='zcwf_col_lab' style='font-size:12px; font-family: Arial;'><label for='Mobile'>Celular<span style='color:red;'>*<\/span><\/label><\/div><div class='zcwf_col_fld'><input type='text' id='Mobile' name='Mobile' maxlength='30'><\/input><div class='zcwf_col_help'><\/div><\/div><\/div><div class='zcwf_row'><div class='zcwf_col_lab' style='font-size:12px; font-family: Arial;'><label for='Industry'>Actividad<\/label><\/div><div class='zcwf_col_fld'><select class='zcwf_col_fld_slt' id='Industry' name='Industry'  >\r\n\t\t\t<option value='-None-'>-None-<\/option>\r\n\t\t\t<option value='ASP'>ASP<\/option>\r\n\t\t\t<option value='Data&#x2f;Telecom&#x20;OEM'>Data&#x2f;Telecom OEM<\/option>\r\n\t\t\t<option value='ERP'>ERP<\/option>\r\n\t\t\t<option value='Government&#x2f;Military'>Government&#x2f;Military<\/option>\r\n\t\t\t<option value='Large&#x20;Enterprise'>Large Enterprise<\/option>\r\n\t\t\t<option value='ManagementISV'>ManagementISV<\/option>\r\n\t\t\t<option value='MSP&#x20;&#x28;Management&#x20;Service&#x20;Provider&#x29;'>MSP &#x28;Management Service Provider&#x29;<\/option>\r\n\t\t\t<option value='Network&#x20;Equipment&#x20;&#x28;Enterprise&#x29;'>Network Equipment &#x28;Enterprise&#x29;<\/option>\r\n\t\t\t<option value='Non-management&#x20;ISV'>Non-management ISV<\/option>\r\n\t\t\t<option value='Optical&#x20;Networking'>Optical Networking<\/option>\r\n\t\t\t<option value='Service&#x20;Provider'>Service Provider<\/option>\r\n\t\t\t<option value='Small&#x2f;Medium&#x20;Enterprise'>Small&#x2f;Medium Enterprise<\/option>\r\n\t\t\t<option value='Storage&#x20;Equipment'>Storage Equipment<\/option>\r\n\t\t\t<option value='Storage&#x20;Service&#x20;Provider'>Storage Service Provider<\/option>\r\n\t\t\t<option value='Systems&#x20;Integrator'>Systems Integrator<\/option>\r\n\t\t\t<option value='Wireless&#x20;Industry'>Wireless Industry<\/option>\r\n\t\t<\/select><div class='zcwf_col_help'><\/div><\/div><\/div><div class='zcwf_row'><div class='zcwf_col_lab' style='font-size:12px; font-family: Arial;'><label for='Description'>Observaciones o Comentarios<\/label><\/div><div class='zcwf_col_fld'><textarea id='Description' name='Description'><\/textarea><div class='zcwf_col_help'><\/div><\/div><\/div><div class='zcwf_row'><div class='zcwf_col_lab' style='font-size:12px; font-family: Arial;'>Enter the Captcha<\/div>\r\n\t <div class='zcwf_col_fld'><input type='text' maxlength='10' name='enterdigest' \/><\/div>\r\n\t\r\n\r\n\t <\/div>\r\n\t<!-- Do not remove this code. -->\r\n\t    <div class='zcwf_row'><div class='zcwf_col_lab'><\/div><div class='zcwf_col_fld'><img id='imgid3504795000005751003' src='https:\/\/crm.zoho.com\/crm\/CaptchaServlet?formId=4cfe57c56b689cfeb38006627b546d7d407e0aad6025e9bd120d5713a7ae35218d1814968ca1994bfebe0a9e706c7010&grpid=1abff85cbcdf2a13668a1751eb3a3562ed78e15f64718691e3412cd1a7593ab8'>\r\n\t    <a href='javascript:;' onclick='reloadImg3504795000005751003();'>Reload<\/a><\/div><div class=''><\/div>\r\n\t<\/div><div class='zcwf_row'><div class='zcwf_col_lab'><\/div><div class='zcwf_col_fld'><input type='submit' id='formsubmit' class='formsubmit zcwf_button' value='Submit' title='Submit'><input type='reset' class='zcwf_button' name='reset' value='Reset' title='Reset'><\/div><\/div>\r\n\t<script>\r\n\r\n\t \/* Do not remove this code. *\/\r\n\tfunction reloadImg3504795000005751003() {\r\n\t\tvar captcha = document.getElementById('imgid3504795000005751003');\r\n\t\tif(captcha.src.indexOf('&d') !== -1 ) {\r\n\t\t\tcaptcha.src = captcha.src.substring(0, captcha.src.indexOf('&d'))+'&d'+new Date().getTime();\r\n\t\t}else{\r\n\t\t\tcaptcha.src = captcha.src+'&d'+new Date().getTime();\r\n\t\t}\r\n\t}\r\n\tfunction validateEmail3504795000005751003()\r\n\t{\r\n\t\tvar form = document.forms['WebToLeads3504795000005751003'];\r\n\t\tvar emailFld = form.querySelectorAll('[ftype=email]');\r\n\t\tvar i;\r\n\t\tfor (i = 0; i < emailFld.length; i++)\r\n\t\t{\r\n\t\t\tvar emailVal = emailFld[i].value;\r\n\t\t\tif((emailVal.replace(\/^\\s+|\\s+$\/g, '')).length!=0 )\r\n\t\t\t{\r\n\t\t\t\tvar atpos=emailVal.indexOf('@');\r\n\t\t\t\tvar dotpos=emailVal.lastIndexOf('.');\r\n\t\t\t\tif (atpos<1 || dotpos<atpos+2 || dotpos+2>=emailVal.length)\r\n\t\t\t\t{\r\n\t\t\t\t\talert('Please enter a valid email address. ');\r\n\t\t\t\t\temailFld[i].focus();\r\n\t\t\t\t\treturn false;\r\n\t\t\t\t}\r\n\t\t\t}\r\n\t\t}\r\n\t\treturn true;\r\n\t}\r\n\r\n \t  function checkMandatory3504795000005751003() {\r\n\t\tvar mndFileds = new Array('Company','First Name','Last Name','Email','Mobile');\r\n\t\tvar fldLangVal = new Array('Compa\\xF1\\xEDa\\x20\\x7C\\x20Empresa','Nombre\\x20Completo','Apellidos','Email','Celular');\r\n\t\tfor(i=0;i<mndFileds.length;i++) {\r\n\t\t  var fieldObj=document.forms['WebToLeads3504795000005751003'][mndFileds[i]];\r\n\t\t  if(fieldObj) {\r\n\t\t\tif (((fieldObj.value).replace(\/^\\s+|\\s+$\/g, '')).length==0) {\r\n\t\t\t if(fieldObj.type =='file')\r\n\t\t\t\t{ \r\n\t\t\t\t alert('Please select a file to upload.'); \r\n\t\t\t\t fieldObj.focus(); \r\n\t\t\t\t return false;\r\n\t\t\t\t} \r\n\t\t\talert(fldLangVal[i] +' cannot be empty.'); \r\n   \t   \t  \t  fieldObj.focus();\r\n   \t   \t  \t  return false;\r\n\t\t\t}  else if(fieldObj.nodeName=='SELECT') {\r\n  \t   \t   \t if(fieldObj.options[fieldObj.selectedIndex].value=='-None-') {\r\n\t\t\t\talert(fldLangVal[i] +' cannot be none.'); \r\n\t\t\t\tfieldObj.focus();\r\n\t\t\t\treturn false;\r\n\t\t\t   }\r\n\t\t\t} else if(fieldObj.type =='checkbox'){\r\n \t \t \t if(fieldObj.checked == false){\r\n\t\t\t\talert('Please accept  '+fldLangVal[i]);\r\n\t\t\t\tfieldObj.focus();\r\n\t\t\t\treturn false;\r\n\t\t\t   } \r\n\t\t\t } \r\n\t\t\t try {\r\n\t\t\t     if(fieldObj.name == 'Last Name') {\r\n\t\t\t\tname = fieldObj.value;\r\n \t \t \t    }\r\n\t\t\t} catch (e) {}\r\n\t\t    }\r\n\t\t}\r\n\t\tif(!validateEmail3504795000005751003()){return false;}\r\n\t\t\r\n\tvar urlparams = new URLSearchParams( window.location.search);\r\n\tif(urlparams.has('service') && (urlparams.get('service')==='smarturl')){\r\n\t\tvar webform = document.getElementById('webform3504795000005751003');\r\n\t\t var service =  urlparams.get('service'); \r\n\t\tvar smarturlfield = document.createElement('input');\r\n\t\tsmarturlfield.setAttribute('type','hidden');\r\n\t\tsmarturlfield.setAttribute('value',service);\r\n\t\tsmarturlfield.setAttribute('name','service');\r\n\t\twebform.appendChild(smarturlfield); \r\n\t}\r\ndocument.querySelector('.crmWebToEntityForm .formsubmit').setAttribute('disabled', true);\r\n\treturn true;\r\n\t}\r\n\r\n$(document).ready(function () {\r\n\t$('#webform3504795000005751003').submit(function (e) {\r\n\t\tvar ismandatory = checkMandatory3504795000005751003();\r\n\t\te.preventDefault();\r\n\t\tif(ismandatory){\r\n\t\t\t if(typeof _wfa_track != 'undefined' && _wfa_track.wfa_submit){ _wfa_track.wfa_submit(e); }\r\n\t\t\tvar formData = new FormData(this);\r\n\t\t\t$.ajax({\r\n\t\t\t\turl :'https:\/\/crm.zoho.com\/crm\/WebToLeadForm',\r\n\t\t\t\ttype : 'POST',\r\n\t\t\t\tdata : formData,\r\n\t\t\t\tcache: false,\r\n\t\t\t\tcontentType: false,\r\n\t\t\t\tprocessData: false,\r\n\t\t\t\tsuccess: function(data) {\r\n\t\t\t\t\tvar splashinfodom = document.getElementById(\"wf_splash_info\");\r\n\t\t\t\t\tsplashinfodom.innerText=data.actionvalue;\r\n\t\t\t\t\tvar splashdom = document.getElementById(\"wf_splash\");\r\n\t\t\t\t\tdocument.getElementById(\"webform3504795000005751003\").reset.click();\r\n\t\t\t\t\tsplashdom.style.display = '';\r\n\t\t\t\t\tsetTimeout(function(){\r\n\t\t\t\t\t\tsplashdom.style.display = 'none';\r\n\t\t\t\t\t},5000);\r\n\t\t\t\tdocument.querySelector('.crmWebToEntityForm .formsubmit').removeAttribute('disabled');\r\n\t\t\t\t},\r\n\t\t\t\terror: function(data){\r\n\t\t\t\t\talert(\"an error occurred\");\r\n\t\t\t\t}\t\r\n\t\t\t});\r\n\t\t}\r\n\t});\r\n});\r\nfunction tooltipShow3504795000005751003(el){\r\n\tvar tooltip = el.nextElementSibling;\r\n\tvar tooltipDisplay = tooltip.style.display;\r\n\tif(tooltipDisplay == 'none'){\r\n\t\tvar allTooltip = document.getElementsByClassName('zcwf_tooltip_over');\r\n\t\tfor(i=0; i<allTooltip.length; i++){\r\n\t\t\tallTooltip[i].style.display='none';\r\n\t\t}\r\n\t\ttooltip.style.display = 'block';\r\n\t}else{\r\n\t\ttooltip.style.display='none';\r\n\t}\r\n}\r\n<\/script>\r\n\t<!-- Do not remove this --- Analytics Tracking code starts --><script id='wf_anal' src='https:\/\/crm.zohopublic.com\/crm\/WebFormAnalyticsServeServlet?rid=d5c0edfea5693dc06d1f4eb71b95a90f6aa09ae4ae454d71eaf3675b8587d619b19a162712f4c2ab73ca78d288c9b650gid55f2aca56487c487c29b9d09785839535222a5463315362f788fd94abc9f9b08gidacf9944c5a4398041ac0f3f3231297ae454af7d0c7f7cbe5b115bf289f8810fegid909f9a168560afe9fb2f44e095137bf4e75ee17dca53f9718c79d14496778dca&tw=033bcd0f14b0a735b818c973fe240f5b441320e2c1abbc7193a8d8b71ffcc7ad'><\/script><!-- Do not remove this --- Analytics Tracking code ends. --><\/form>\r\n  <!-- Do not remove this code. -->\r\n     <iframe name='captchaFrame' style='display:none;'><\/iframe>\r\n<\/div>\t\t\t\t<\/div>\n\t\t\t\t<\/div>\n\t\t            <\/div>\n        <\/div>\n                    <\/div>\n        <\/section>\n        \t\t<\/div>\n\t\t","protected":false},"excerpt":{"rendered":"<p>Rep\u00fablica Dominicana Av. 27 de Febrero No. 421, Local No. 4-C-3 Plaza Dominica, El Mill\u00f3n, Santo Domingo Estados Unidos 2575 Tandori Circ, Orlando, FL 32837, USA Tel\u00e9fono +1 809-563-3232 (RD) +1 809-322-3279 (RD \u2014 Soporte \/ WhatsApp) +1 321-888-7250 (USA \u2014 WhatsApp y llamadas) Correo Electr\u00f3nico ventas@dacflex.com soporte@dacflex.com Horario Lun\u2013S\u00e1b: 9am \u2013 5pm DACFLEXCompa\u00f1\u00eda | [&hellip;]<\/p>\n","protected":false},"author":1,"featured_media":0,"parent":0,"menu_order":0,"comment_status":"closed","ping_status":"closed","template":"","meta":{"_joinchat":[],"footnotes":""},"class_list":["post-3512","page","type-page","status-publish","hentry"],"_links":{"self":[{"href":"https:\/\/dacflex.com\/zoho\/wp-json\/wp\/v2\/pages\/3512","targetHints":{"allow":["GET"]}}],"collection":[{"href":"https:\/\/dacflex.com\/zoho\/wp-json\/wp\/v2\/pages"}],"about":[{"href":"https:\/\/dacflex.com\/zoho\/wp-json\/wp\/v2\/types\/page"}],"author":[{"embeddable":true,"href":"https:\/\/dacflex.com\/zoho\/wp-json\/wp\/v2\/users\/1"}],"replies":[{"embeddable":true,"href":"https:\/\/dacflex.com\/zoho\/wp-json\/wp\/v2\/comments?post=3512"}],"version-history":[{"count":40,"href":"https:\/\/dacflex.com\/zoho\/wp-json\/wp\/v2\/pages\/3512\/revisions"}],"predecessor-version":[{"id":5049,"href":"https:\/\/dacflex.com\/zoho\/wp-json\/wp\/v2\/pages\/3512\/revisions\/5049"}],"wp:attachment":[{"href":"https:\/\/dacflex.com\/zoho\/wp-json\/wp\/v2\/media?parent=3512"}],"curies":[{"name":"wp","href":"https:\/\/api.w.org\/{rel}","templated":true}]}}