{"id":407,"date":"2019-11-11T08:33:51","date_gmt":"2019-11-11T08:33:51","guid":{"rendered":"https:\/\/demo.casethemes.net\/consultio-medical\/?page_id=407"},"modified":"2025-01-06T16:45:59","modified_gmt":"2025-01-06T16:45:59","slug":"servicio","status":"publish","type":"page","link":"https:\/\/dacflex.com\/zoho\/servicio\/","title":{"rendered":"Servicio"},"content":{"rendered":"\t\t<div data-elementor-type=\"wp-page\" data-elementor-id=\"407\" class=\"elementor elementor-407\">\n\t\t\t\t        <section class=\"elementor-section elementor-top-section elementor-element elementor-element-f019bad elementor-section-content-middle elementor-section-boxed elementor-section-height-default elementor-section-height-default ct-header-fixed-none ct-row-max-none\" data-id=\"f019bad\" data-element_type=\"section\" data-e-type=\"section\">\n                            <div class=\"elementor-background-overlay\"><\/div>\n                \n                        <div class=\"elementor-container elementor-column-gap-extended \">\n                    <div class=\"elementor-column elementor-col-50 elementor-top-column elementor-element elementor-element-5ce29c2\" data-id=\"5ce29c2\" data-element_type=\"column\" data-e-type=\"column\">\n        <div class=\"elementor-widget-wrap elementor-element-populated\">\n                    \n        \t\t<div class=\"elementor-element elementor-element-d3b6aca elementor-widget elementor-widget-ct_heading\" data-id=\"d3b6aca\" data-element_type=\"widget\" data-e-type=\"widget\" data-widget_type=\"ct_heading.default\">\n\t\t\t\t<div class=\"elementor-widget-container\">\n\t\t\t\t\t<div id=\"ct_heading-d3b6aca\" class=\"ct-heading h-align- sub-style1 ct-heading-left item-st-default\">\r\n\t<div class=\"ct-item--inner\">\r\n        <div class=\"ct-inline-css\"  data-css=\"\r\n            \">\r\n        <\/div>\r\n            \t\t<div class=\"item--sub-title style1 show-line\">\r\n                                                Servicios de primera                                                            <\/div>\r\n    \t        <h3 class=\"item--title st-default case-animate-time\" data-wow-delay=\"ms\">\r\n                        <span class=\"sp-main\">\r\n                \r\n                Nuestros Servicios\r\n                \r\n                            <\/span>\r\n                    <\/h3>\r\n    <\/div>\r\n<\/div>\t\t\t\t<\/div>\n\t\t\t\t<\/div>\n\t\t            <\/div>\n        <\/div>\n                <div class=\"elementor-column elementor-col-50 elementor-top-column elementor-element elementor-element-877c444\" data-id=\"877c444\" data-element_type=\"column\" data-e-type=\"column\">\n        <div class=\"elementor-widget-wrap elementor-element-populated\">\n                    \n        \t\t<div class=\"elementor-element elementor-element-8a619a7 elementor-widget elementor-widget-text-editor\" data-id=\"8a619a7\" data-element_type=\"widget\" data-e-type=\"widget\" data-widget_type=\"text-editor.default\">\n\t\t\t\t<div class=\"elementor-widget-container\">\n\t\t\t\t\t\t\t\t\t<p>En DAC Consultora, creemos en la innovaci\u00f3n como motor de cambio, y nos comprometemos a acompa\u00f1arte en cada etapa de tu transformaci\u00f3n digital con asesor\u00eda especializada, capacitaci\u00f3n y soporte continuo.<\/p>\t\t\t\t\t\t\t\t<\/div>\n\t\t\t\t<\/div>\n\t\t            <\/div>\n        <\/div>\n                    <\/div>\n        <\/section>\n        <div class=\"elementor-element elementor-element-1650822 e-flex e-con-boxed e-con e-parent\" data-id=\"1650822\" data-element_type=\"container\" data-e-type=\"container\">\n\t\t\t\t\t<div class=\"e-con-inner\">\n\t\t<div class=\"elementor-element elementor-element-f1eadc7 e-con-full e-flex e-con e-child\" data-id=\"f1eadc7\" data-element_type=\"container\" data-e-type=\"container\">\n\t\t<div class=\"elementor-element elementor-element-b457273 e-con-full e-flex e-con e-child\" data-id=\"b457273\" data-element_type=\"container\" data-e-type=\"container\">\n\t\t\t\t<div class=\"elementor-element elementor-element-766fc66 elementor-widget elementor-widget-image\" data-id=\"766fc66\" data-element_type=\"widget\" data-e-type=\"widget\" data-widget_type=\"image.default\">\n\t\t\t\t<div class=\"elementor-widget-container\">\n\t\t\t\t\t\t\t\t\t\t\t\t\t\t\t<img fetchpriority=\"high\" decoding=\"async\" width=\"640\" height=\"277\" src=\"https:\/\/dacflex.com\/zoho\/wp-content\/uploads\/2025\/01\/07KK87l33iv2fUtroslQbjr-18.webp\" class=\"attachment-large size-large wp-image-4884\" alt=\"\" srcset=\"https:\/\/dacflex.com\/zoho\/wp-content\/uploads\/2025\/01\/07KK87l33iv2fUtroslQbjr-18.webp 684w, https:\/\/dacflex.com\/zoho\/wp-content\/uploads\/2025\/01\/07KK87l33iv2fUtroslQbjr-18-300x130.webp 300w\" sizes=\"(max-width: 640px) 100vw, 640px\" \/>\t\t\t\t\t\t\t\t\t\t\t\t\t\t\t<\/div>\n\t\t\t\t<\/div>\n\t\t\t\t<\/div>\n\t\t<div class=\"elementor-element elementor-element-b343bee e-con-full e-flex e-con e-child\" data-id=\"b343bee\" data-element_type=\"container\" data-e-type=\"container\">\n\t\t\t\t<div class=\"elementor-element elementor-element-7753836 elementor-widget elementor-widget-heading\" data-id=\"7753836\" data-element_type=\"widget\" data-e-type=\"widget\" data-widget_type=\"heading.default\">\n\t\t\t\t<div class=\"elementor-widget-container\">\n\t\t\t\t\t<h2 class=\"elementor-heading-title elementor-size-default\">Zoho Desk<\/h2>\t\t\t\t<\/div>\n\t\t\t\t<\/div>\n\t\t\t\t<div class=\"elementor-element elementor-element-b21a2ce elementor-widget elementor-widget-heading\" data-id=\"b21a2ce\" data-element_type=\"widget\" data-e-type=\"widget\" data-widget_type=\"heading.default\">\n\t\t\t\t<div class=\"elementor-widget-container\">\n\t\t\t\t\t<h2 class=\"elementor-heading-title elementor-size-default\">Soporte al Cliente de Primera Clase<\/h2>\t\t\t\t<\/div>\n\t\t\t\t<\/div>\n\t\t\t\t<div class=\"elementor-element elementor-element-88fda29 elementor-widget elementor-widget-text-editor\" data-id=\"88fda29\" data-element_type=\"widget\" data-e-type=\"widget\" data-widget_type=\"text-editor.default\">\n\t\t\t\t<div class=\"elementor-widget-container\">\n\t\t\t\t\t\t\t\t\t<p>Zoho Desk es la plataforma ideal para gestionar eficientemente el servicio al cliente. Centraliza consultas de m\u00faltiples canales (correo, chat, redes sociales) en un solo lugar, permitiendo resolver problemas r\u00e1pidamente y mejorar la experiencia del cliente.<\/p><p>Con herramientas de automatizaci\u00f3n, reportes detallados y personalizaci\u00f3n avanzada, Zoho Desk ayuda a tu equipo a ofrecer un soporte m\u00e1s r\u00e1pido, eficiente y proactivo. Es la soluci\u00f3n perfecta para empresas que buscan fidelizar clientes con un servicio excepcional.<\/p>\t\t\t\t\t\t\t\t<\/div>\n\t\t\t\t<\/div>\n\t\t\t\t<\/div>\n\t\t\t\t<\/div>\n\t\t<div class=\"elementor-element elementor-element-5e4d8be e-con-full e-flex e-con e-child\" data-id=\"5e4d8be\" data-element_type=\"container\" data-e-type=\"container\">\n\t\t<div class=\"elementor-element elementor-element-74b74a1 e-con-full e-flex e-con e-child\" data-id=\"74b74a1\" data-element_type=\"container\" data-e-type=\"container\">\n\t\t\t\t<div class=\"elementor-element elementor-element-3a46982 elementor-widget elementor-widget-image\" data-id=\"3a46982\" data-element_type=\"widget\" data-e-type=\"widget\" data-widget_type=\"image.default\">\n\t\t\t\t<div class=\"elementor-widget-container\">\n\t\t\t\t\t\t\t\t\t\t\t\t\t\t\t<img decoding=\"async\" width=\"640\" height=\"265\" src=\"https:\/\/dacflex.com\/zoho\/wp-content\/uploads\/2025\/01\/0503JFSfbnsU8sDkO8tK8Vt-48.webp\" class=\"attachment-large size-large wp-image-4869\" alt=\"\" srcset=\"https:\/\/dacflex.com\/zoho\/wp-content\/uploads\/2025\/01\/0503JFSfbnsU8sDkO8tK8Vt-48.webp 714w, https:\/\/dacflex.com\/zoho\/wp-content\/uploads\/2025\/01\/0503JFSfbnsU8sDkO8tK8Vt-48-300x124.webp 300w\" sizes=\"(max-width: 640px) 100vw, 640px\" \/>\t\t\t\t\t\t\t\t\t\t\t\t\t\t\t<\/div>\n\t\t\t\t<\/div>\n\t\t\t\t<\/div>\n\t\t<div class=\"elementor-element elementor-element-1385f6b e-con-full e-flex e-con e-child\" data-id=\"1385f6b\" data-element_type=\"container\" data-e-type=\"container\">\n\t\t\t\t<div class=\"elementor-element elementor-element-070cd45 elementor-widget elementor-widget-heading\" data-id=\"070cd45\" data-element_type=\"widget\" data-e-type=\"widget\" data-widget_type=\"heading.default\">\n\t\t\t\t<div class=\"elementor-widget-container\">\n\t\t\t\t\t<h2 class=\"elementor-heading-title elementor-size-default\">Zoho CRM<\/h2>\t\t\t\t<\/div>\n\t\t\t\t<\/div>\n\t\t\t\t<div class=\"elementor-element elementor-element-aaa7377 elementor-widget elementor-widget-heading\" data-id=\"aaa7377\" data-element_type=\"widget\" data-e-type=\"widget\" data-widget_type=\"heading.default\">\n\t\t\t\t<div class=\"elementor-widget-container\">\n\t\t\t\t\t<h2 class=\"elementor-heading-title elementor-size-default\">Conecta, Convierte y Fideliza<\/h2>\t\t\t\t<\/div>\n\t\t\t\t<\/div>\n\t\t\t\t<div class=\"elementor-element elementor-element-1da9956 elementor-widget elementor-widget-text-editor\" data-id=\"1da9956\" data-element_type=\"widget\" data-e-type=\"widget\" data-widget_type=\"text-editor.default\">\n\t\t\t\t<div class=\"elementor-widget-container\">\n\t\t\t\t\t\t\t\t\t<p>Zoho CRM es la herramienta clave para gestionar y optimizar tus relaciones con clientes. Te ayuda a centralizar toda la informaci\u00f3n de ventas, automatizar tareas repetitivas, y obtener an\u00e1lisis en tiempo real para tomar decisiones estrat\u00e9gicas.<\/p><p>Desde captar prospectos hasta cerrar negocios, Zoho CRM mejora cada etapa del proceso de ventas y asegura una experiencia personalizada para tus clientes. Es flexible, f\u00e1cil de usar y se adapta a las necesidades de empresas de todos los tama\u00f1os. <strong>\u00a1Lleva tus ventas al siguiente nivel!<\/strong><\/p>\t\t\t\t\t\t\t\t<\/div>\n\t\t\t\t<\/div>\n\t\t\t\t<\/div>\n\t\t\t\t<\/div>\n\t\t<div class=\"elementor-element elementor-element-502f18c e-con-full e-flex e-con e-child\" data-id=\"502f18c\" data-element_type=\"container\" data-e-type=\"container\">\n\t\t<div class=\"elementor-element elementor-element-69e9a60 e-con-full e-flex e-con e-child\" data-id=\"69e9a60\" data-element_type=\"container\" data-e-type=\"container\">\n\t\t\t\t<div class=\"elementor-element elementor-element-3712fe1 elementor-widget elementor-widget-image\" data-id=\"3712fe1\" data-element_type=\"widget\" data-e-type=\"widget\" data-widget_type=\"image.default\">\n\t\t\t\t<div class=\"elementor-widget-container\">\n\t\t\t\t\t\t\t\t\t\t\t\t\t\t\t<img decoding=\"async\" width=\"640\" height=\"220\" src=\"https:\/\/dacflex.com\/zoho\/wp-content\/uploads\/2025\/01\/zoho-books_wsgm.png\" class=\"attachment-large size-large wp-image-4828\" alt=\"\" srcset=\"https:\/\/dacflex.com\/zoho\/wp-content\/uploads\/2025\/01\/zoho-books_wsgm.png 860w, https:\/\/dacflex.com\/zoho\/wp-content\/uploads\/2025\/01\/zoho-books_wsgm-300x103.png 300w, https:\/\/dacflex.com\/zoho\/wp-content\/uploads\/2025\/01\/zoho-books_wsgm-768x264.png 768w\" sizes=\"(max-width: 640px) 100vw, 640px\" \/>\t\t\t\t\t\t\t\t\t\t\t\t\t\t\t<\/div>\n\t\t\t\t<\/div>\n\t\t\t\t<\/div>\n\t\t<div class=\"elementor-element elementor-element-9f3c038 e-con-full e-flex e-con e-child\" data-id=\"9f3c038\" data-element_type=\"container\" data-e-type=\"container\">\n\t\t\t\t<div class=\"elementor-element elementor-element-f393eab elementor-widget elementor-widget-heading\" data-id=\"f393eab\" data-element_type=\"widget\" data-e-type=\"widget\" data-widget_type=\"heading.default\">\n\t\t\t\t<div class=\"elementor-widget-container\">\n\t\t\t\t\t<h2 class=\"elementor-heading-title elementor-size-default\">Zoho Books<\/h2>\t\t\t\t<\/div>\n\t\t\t\t<\/div>\n\t\t\t\t<div class=\"elementor-element elementor-element-69c8c20 elementor-widget elementor-widget-heading\" data-id=\"69c8c20\" data-element_type=\"widget\" data-e-type=\"widget\" data-widget_type=\"heading.default\">\n\t\t\t\t<div class=\"elementor-widget-container\">\n\t\t\t\t\t<h2 class=\"elementor-heading-title elementor-size-default\">Tu Aliado en la Gesti\u00f3n Financiera<\/h2>\t\t\t\t<\/div>\n\t\t\t\t<\/div>\n\t\t\t\t<div class=\"elementor-element elementor-element-173f811 elementor-widget elementor-widget-text-editor\" data-id=\"173f811\" data-element_type=\"widget\" data-e-type=\"widget\" data-widget_type=\"text-editor.default\">\n\t\t\t\t<div class=\"elementor-widget-container\">\n\t\t\t\t\t\t\t\t\t<p>Zoho Books es una herramienta de contabilidad en la nube dise\u00f1ada para simplificar la administraci\u00f3n de tus finanzas empresariales. Con Zoho Books, puedes gestionar facturaci\u00f3n, control de gastos, conciliaciones bancarias, impuestos y reportes financieros desde una plataforma f\u00e1cil de usar.<\/p><p>Adem\u00e1s, se integra con otras aplicaciones de Zoho y herramientas externas, permiti\u00e9ndote automatizar procesos clave y mantener el control de tu negocio en tiempo real. Es ideal para emprendedores, peque\u00f1as empresas y cualquier organizaci\u00f3n que busque eficiencia en su gesti\u00f3n financiera.<\/p>\t\t\t\t\t\t\t\t<\/div>\n\t\t\t\t<\/div>\n\t\t\t\t<\/div>\n\t\t\t\t<\/div>\n\t\t\t\t\t<\/div>\n\t\t\t\t<\/div>\n\t\t<div class=\"elementor-element elementor-element-c65aa6d e-grid e-con-boxed e-con e-parent\" data-id=\"c65aa6d\" data-element_type=\"container\" data-e-type=\"container\">\n\t\t\t\t\t<div class=\"e-con-inner\">\n\t\t\t\t<div class=\"elementor-element elementor-element-64bd79c elementor-widget elementor-widget-ct_heading\" data-id=\"64bd79c\" data-element_type=\"widget\" data-e-type=\"widget\" data-widget_type=\"ct_heading.default\">\n\t\t\t\t<div class=\"elementor-widget-container\">\n\t\t\t\t\t<div id=\"ct_heading-64bd79c\" class=\"ct-heading h-align- sub-style1 ct-heading-left item-st-default\">\r\n\t<div class=\"ct-item--inner\">\r\n        <div class=\"ct-inline-css\"  data-css=\"\r\n            \">\r\n        <\/div>\r\n                <h3 class=\"item--title st-default case-animate-time\" data-wow-delay=\"ms\">\r\n                        <span class=\"sp-main\">\r\n                \r\n                Zoho Books\r\n                \r\n                            <\/span>\r\n                    <\/h3>\r\n    <\/div>\r\n<\/div>\t\t\t\t<\/div>\n\t\t\t\t<\/div>\n\t\t\t\t<div class=\"elementor-element elementor-element-d2d7c53 elementor-widget elementor-widget-ct_heading\" data-id=\"d2d7c53\" data-element_type=\"widget\" data-e-type=\"widget\" data-widget_type=\"ct_heading.default\">\n\t\t\t\t<div class=\"elementor-widget-container\">\n\t\t\t\t\t<div id=\"ct_heading-d2d7c53\" class=\"ct-heading h-align- sub-style1 ct-heading-left item-st-default\">\r\n\t<div class=\"ct-item--inner\">\r\n        <div class=\"ct-inline-css\"  data-css=\"\r\n            \">\r\n        <\/div>\r\n                <h3 class=\"item--title st-default case-animate-time\" data-wow-delay=\"ms\">\r\n                        <span class=\"sp-main\">\r\n                \r\n                Zoho CRM\r\n                \r\n                            <\/span>\r\n                    <\/h3>\r\n    <\/div>\r\n<\/div>\t\t\t\t<\/div>\n\t\t\t\t<\/div>\n\t\t\t\t<div class=\"elementor-element elementor-element-e50090c elementor-widget elementor-widget-ct_heading\" data-id=\"e50090c\" data-element_type=\"widget\" data-e-type=\"widget\" data-widget_type=\"ct_heading.default\">\n\t\t\t\t<div class=\"elementor-widget-container\">\n\t\t\t\t\t<div id=\"ct_heading-e50090c\" class=\"ct-heading h-align- sub-style1 ct-heading-left item-st-default\">\r\n\t<div class=\"ct-item--inner\">\r\n        <div class=\"ct-inline-css\"  data-css=\"\r\n            \">\r\n        <\/div>\r\n                <h3 class=\"item--title st-default case-animate-time\" data-wow-delay=\"ms\">\r\n                        <span class=\"sp-main\">\r\n                \r\n                Zoho Desk\r\n                \r\n                            <\/span>\r\n                    <\/h3>\r\n    <\/div>\r\n<\/div>\t\t\t\t<\/div>\n\t\t\t\t<\/div>\n\t\t\t\t\t<\/div>\n\t\t\t\t<\/div>\n\t\t<div class=\"elementor-element elementor-element-4995ba1 e-grid e-con-boxed e-con e-parent\" data-id=\"4995ba1\" data-element_type=\"container\" data-e-type=\"container\">\n\t\t\t\t\t<div class=\"e-con-inner\">\n\t\t\t\t<div class=\"elementor-element elementor-element-f5c4884 elementor-widget elementor-widget-text-editor\" data-id=\"f5c4884\" data-element_type=\"widget\" data-e-type=\"widget\" data-widget_type=\"text-editor.default\">\n\t\t\t\t<div class=\"elementor-widget-container\">\n\t\t\t\t\t\t\t\t\t<p>En <strong>DAC Consultora<\/strong>, entendemos que una gesti\u00f3n financiera eficiente es clave para el \u00e9xito de cualquier empresa. Por ello, ofrecemos servicios especializados en la implementaci\u00f3n, configuraci\u00f3n y optimizaci\u00f3n de <strong>Zoho Books<\/strong>, la herramienta de contabilidad basada en la nube que facilita el manejo de tus finanzas empresariales.<\/p>\t\t\t\t\t\t\t\t<\/div>\n\t\t\t\t<\/div>\n\t\t\t\t<div class=\"elementor-element elementor-element-6e91a08 elementor-widget elementor-widget-text-editor\" data-id=\"6e91a08\" data-element_type=\"widget\" data-e-type=\"widget\" data-widget_type=\"text-editor.default\">\n\t\t\t\t<div class=\"elementor-widget-container\">\n\t\t\t\t\t\t\t\t\t<p>En <strong>DAC Consultora<\/strong>, sabemos que el \u00e9xito de cualquier negocio depende de construir y mantener relaciones s\u00f3lidas con los clientes. Por eso, ofrecemos servicios especializados en la implementaci\u00f3n, configuraci\u00f3n y optimizaci\u00f3n de <strong>Zoho CRM<\/strong>, la soluci\u00f3n l\u00edder en gesti\u00f3n de relaciones con los clientes dise\u00f1ada para potenciar tus ventas y mejorar la experiencia del cliente.<\/p>\t\t\t\t\t\t\t\t<\/div>\n\t\t\t\t<\/div>\n\t\t\t\t<div class=\"elementor-element elementor-element-7ae1232 elementor-widget elementor-widget-text-editor\" data-id=\"7ae1232\" data-element_type=\"widget\" data-e-type=\"widget\" data-widget_type=\"text-editor.default\">\n\t\t\t\t<div class=\"elementor-widget-container\">\n\t\t\t\t\t\t\t\t\t<p>En <strong>DAC Consultora<\/strong>, entendemos que ofrecer un servicio al cliente excepcional es clave para diferenciarte en el mercado. Por ello, brindamos servicios especializados en la implementaci\u00f3n y optimizaci\u00f3n de <strong>Zoho Desk<\/strong>, una soluci\u00f3n de atenci\u00f3n al cliente que permite gestionar y resolver las consultas de manera eficiente, mejorando la experiencia del usuario final.<\/p>\t\t\t\t\t\t\t\t<\/div>\n\t\t\t\t<\/div>\n\t\t\t\t\t<\/div>\n\t\t\t\t<\/div>\n\t\t<div class=\"elementor-element elementor-element-61540f5 e-grid e-con-boxed e-con e-parent\" data-id=\"61540f5\" data-element_type=\"container\" data-e-type=\"container\">\n\t\t\t\t\t<div class=\"e-con-inner\">\n\t\t\t\t<div class=\"elementor-element elementor-element-11946e1 elementor-align-center elementor-widget elementor-widget-button\" data-id=\"11946e1\" data-element_type=\"widget\" data-e-type=\"widget\" data-widget_type=\"button.default\">\n\t\t\t\t<div class=\"elementor-widget-container\">\n\t\t\t\t\t\t\t\t\t<div class=\"elementor-button-wrapper\">\n\t\t\t\t\t<a class=\"elementor-button elementor-button-link elementor-size-sm\" href=\"https:\/\/api.whatsapp.com\/send\/?phone=18098533232&#038;text=Hola+%2AZOHO+Consulting%2A%21+Necesito+m%C3%A1s+infoServicio+https%3A%2F%2Fdacflex.com%2Fzoho%2Fservicio&#038;type=phone_number&#038;app_absent=0\" target=\"_blank\">\n\t\t\t\t\t\t<span class=\"elementor-button-content-wrapper\">\n\t\t\t\t\t\t\t\t\t<span class=\"elementor-button-text\">Consultar con Representante<\/span>\n\t\t\t\t\t<\/span>\n\t\t\t\t\t<\/a>\n\t\t\t\t<\/div>\n\t\t\t\t\t\t\t\t<\/div>\n\t\t\t\t<\/div>\n\t\t\t\t<div class=\"elementor-element elementor-element-ce9d4b5 elementor-align-center elementor-widget elementor-widget-button\" data-id=\"ce9d4b5\" data-element_type=\"widget\" data-e-type=\"widget\" data-widget_type=\"button.default\">\n\t\t\t\t<div class=\"elementor-widget-container\">\n\t\t\t\t\t\t\t\t\t<div class=\"elementor-button-wrapper\">\n\t\t\t\t\t<a class=\"elementor-button elementor-button-link elementor-size-sm\" href=\"https:\/\/api.whatsapp.com\/send\/?phone=18098533232&#038;text=Hola+%2AZOHO+Consulting%2A%21+Necesito+m%C3%A1s+infoServicio+https%3A%2F%2Fdacflex.com%2Fzoho%2Fservicio&#038;type=phone_number&#038;app_absent=0\" target=\"_blank\">\n\t\t\t\t\t\t<span class=\"elementor-button-content-wrapper\">\n\t\t\t\t\t\t\t\t\t<span class=\"elementor-button-text\">Consultar con Representante<\/span>\n\t\t\t\t\t<\/span>\n\t\t\t\t\t<\/a>\n\t\t\t\t<\/div>\n\t\t\t\t\t\t\t\t<\/div>\n\t\t\t\t<\/div>\n\t\t\t\t<div class=\"elementor-element elementor-element-e5ddafb elementor-align-center elementor-widget elementor-widget-button\" data-id=\"e5ddafb\" data-element_type=\"widget\" data-e-type=\"widget\" data-widget_type=\"button.default\">\n\t\t\t\t<div class=\"elementor-widget-container\">\n\t\t\t\t\t\t\t\t\t<div class=\"elementor-button-wrapper\">\n\t\t\t\t\t<a class=\"elementor-button elementor-button-link elementor-size-sm\" href=\"https:\/\/api.whatsapp.com\/send\/?phone=18098533232&#038;text=Hola+%2AZOHO+Consulting%2A%21+Necesito+m%C3%A1s+infoServicio+https%3A%2F%2Fdacflex.com%2Fzoho%2Fservicio&#038;type=phone_number&#038;app_absent=0\" target=\"_blank\">\n\t\t\t\t\t\t<span class=\"elementor-button-content-wrapper\">\n\t\t\t\t\t\t\t\t\t<span class=\"elementor-button-text\">Consultar con Representante<\/span>\n\t\t\t\t\t<\/span>\n\t\t\t\t\t<\/a>\n\t\t\t\t<\/div>\n\t\t\t\t\t\t\t\t<\/div>\n\t\t\t\t<\/div>\n\t\t\t\t\t<\/div>\n\t\t\t\t<\/div>\n\t\t<div class=\"elementor-element elementor-element-7080da4 e-flex e-con-boxed e-con e-parent\" data-id=\"7080da4\" data-element_type=\"container\" data-e-type=\"container\">\n\t\t\t\t\t<div class=\"e-con-inner\">\n\t\t\t\t<div class=\"elementor-element elementor-element-720e2ab elementor-widget elementor-widget-spacer\" data-id=\"720e2ab\" data-element_type=\"widget\" data-e-type=\"widget\" data-widget_type=\"spacer.default\">\n\t\t\t\t<div class=\"elementor-widget-container\">\n\t\t\t\t\t\t\t<div class=\"elementor-spacer\">\n\t\t\t<div class=\"elementor-spacer-inner\"><\/div>\n\t\t<\/div>\n\t\t\t\t\t\t<\/div>\n\t\t\t\t<\/div>\n\t\t\t\t\t<\/div>\n\t\t\t\t<\/div>\n\t\t\t\t<\/div>\n\t\t","protected":false},"excerpt":{"rendered":"<p>Servicios de primera Nuestros Servicios En DAC Consultora, creemos en la innovaci\u00f3n como motor de cambio, y nos comprometemos a acompa\u00f1arte en cada etapa de tu transformaci\u00f3n digital con asesor\u00eda especializada, capacitaci\u00f3n y soporte continuo. Zoho Desk Soporte al Cliente de Primera Clase Zoho Desk es la plataforma ideal para gestionar eficientemente el servicio al [&hellip;]<\/p>\n","protected":false},"author":1,"featured_media":0,"parent":0,"menu_order":0,"comment_status":"closed","ping_status":"closed","template":"","meta":{"_joinchat":[],"footnotes":""},"class_list":["post-407","page","type-page","status-publish","hentry"],"_links":{"self":[{"href":"https:\/\/dacflex.com\/zoho\/wp-json\/wp\/v2\/pages\/407","targetHints":{"allow":["GET"]}}],"collection":[{"href":"https:\/\/dacflex.com\/zoho\/wp-json\/wp\/v2\/pages"}],"about":[{"href":"https:\/\/dacflex.com\/zoho\/wp-json\/wp\/v2\/types\/page"}],"author":[{"embeddable":true,"href":"https:\/\/dacflex.com\/zoho\/wp-json\/wp\/v2\/users\/1"}],"replies":[{"embeddable":true,"href":"https:\/\/dacflex.com\/zoho\/wp-json\/wp\/v2\/comments?post=407"}],"version-history":[{"count":40,"href":"https:\/\/dacflex.com\/zoho\/wp-json\/wp\/v2\/pages\/407\/revisions"}],"predecessor-version":[{"id":4924,"href":"https:\/\/dacflex.com\/zoho\/wp-json\/wp\/v2\/pages\/407\/revisions\/4924"}],"wp:attachment":[{"href":"https:\/\/dacflex.com\/zoho\/wp-json\/wp\/v2\/media?parent=407"}],"curies":[{"name":"wp","href":"https:\/\/api.w.org\/{rel}","templated":true}]}}