{"id":4867,"date":"2025-01-03T19:48:07","date_gmt":"2025-01-03T19:48:07","guid":{"rendered":"https:\/\/dacflex.com\/zoho\/?page_id=4867"},"modified":"2025-01-03T19:49:40","modified_gmt":"2025-01-03T19:49:40","slug":"zoho-crm","status":"publish","type":"page","link":"https:\/\/dacflex.com\/zoho\/zoho-crm\/","title":{"rendered":"Zoho CRM"},"content":{"rendered":"\t\t<div data-elementor-type=\"wp-page\" data-elementor-id=\"4867\" class=\"elementor elementor-4867\">\n\t\t\t\t<div class=\"elementor-element elementor-element-33b98f9 e-flex e-con-boxed e-con e-parent\" data-id=\"33b98f9\" data-element_type=\"container\" data-e-type=\"container\">\n\t\t\t\t\t<div class=\"e-con-inner\">\n\t\t<div class=\"elementor-element elementor-element-065ab7b e-con-full e-flex e-con e-child\" data-id=\"065ab7b\" data-element_type=\"container\" data-e-type=\"container\">\n\t\t\t\t<div class=\"elementor-element elementor-element-4e3e765 elementor-widget elementor-widget-image\" data-id=\"4e3e765\" data-element_type=\"widget\" data-e-type=\"widget\" data-widget_type=\"image.default\">\n\t\t\t\t<div class=\"elementor-widget-container\">\n\t\t\t\t\t\t\t\t\t\t\t\t\t\t\t<img fetchpriority=\"high\" decoding=\"async\" width=\"640\" height=\"265\" src=\"https:\/\/dacflex.com\/zoho\/wp-content\/uploads\/2025\/01\/0503JFSfbnsU8sDkO8tK8Vt-48.webp\" class=\"attachment-large size-large wp-image-4869\" alt=\"\" srcset=\"https:\/\/dacflex.com\/zoho\/wp-content\/uploads\/2025\/01\/0503JFSfbnsU8sDkO8tK8Vt-48.webp 714w, https:\/\/dacflex.com\/zoho\/wp-content\/uploads\/2025\/01\/0503JFSfbnsU8sDkO8tK8Vt-48-300x124.webp 300w\" sizes=\"(max-width: 640px) 100vw, 640px\" \/>\t\t\t\t\t\t\t\t\t\t\t\t\t\t\t<\/div>\n\t\t\t\t<\/div>\n\t\t\t\t<\/div>\n\t\t<div class=\"elementor-element elementor-element-aa97c53 e-con-full e-flex e-con e-child\" data-id=\"aa97c53\" data-element_type=\"container\" data-e-type=\"container\">\n\t\t\t\t<div class=\"elementor-element elementor-element-f0a6e28 elementor-widget elementor-widget-heading\" data-id=\"f0a6e28\" data-element_type=\"widget\" data-e-type=\"widget\" data-widget_type=\"heading.default\">\n\t\t\t\t<div class=\"elementor-widget-container\">\n\t\t\t\t\t<h2 class=\"elementor-heading-title elementor-size-default\">Zoho CRM<\/h2>\t\t\t\t<\/div>\n\t\t\t\t<\/div>\n\t\t\t\t<div class=\"elementor-element elementor-element-51720b1 elementor-widget elementor-widget-heading\" data-id=\"51720b1\" data-element_type=\"widget\" data-e-type=\"widget\" data-widget_type=\"heading.default\">\n\t\t\t\t<div class=\"elementor-widget-container\">\n\t\t\t\t\t<h2 class=\"elementor-heading-title elementor-size-default\">Conecta, Convierte y Fideliza<\/h2>\t\t\t\t<\/div>\n\t\t\t\t<\/div>\n\t\t\t\t<div class=\"elementor-element elementor-element-beaa438 elementor-widget elementor-widget-text-editor\" data-id=\"beaa438\" data-element_type=\"widget\" data-e-type=\"widget\" data-widget_type=\"text-editor.default\">\n\t\t\t\t<div class=\"elementor-widget-container\">\n\t\t\t\t\t\t\t\t\t<p>Zoho CRM es la herramienta clave para gestionar y optimizar tus relaciones con clientes. Te ayuda a centralizar toda la informaci\u00f3n de ventas, automatizar tareas repetitivas, y obtener an\u00e1lisis en tiempo real para tomar decisiones estrat\u00e9gicas.<\/p><p>Desde captar prospectos hasta cerrar negocios, Zoho CRM mejora cada etapa del proceso de ventas y asegura una experiencia personalizada para tus clientes. Es flexible, f\u00e1cil de usar y se adapta a las necesidades de empresas de todos los tama\u00f1os. <strong>\u00a1Lleva tus ventas al siguiente nivel!<\/strong><\/p>\t\t\t\t\t\t\t\t<\/div>\n\t\t\t\t<\/div>\n\t\t\t\t<\/div>\n\t\t\t\t\t<\/div>\n\t\t\t\t<\/div>\n\t\t\t\t<\/div>\n\t\t","protected":false},"excerpt":{"rendered":"<p>Zoho CRM Conecta, Convierte y Fideliza Zoho CRM es la herramienta clave para gestionar y optimizar tus relaciones con clientes. Te ayuda a centralizar toda la informaci\u00f3n de ventas, automatizar tareas repetitivas, y obtener an\u00e1lisis en tiempo real para tomar decisiones estrat\u00e9gicas. Desde captar prospectos hasta cerrar negocios, Zoho CRM mejora cada etapa del proceso [&hellip;]<\/p>\n","protected":false},"author":1,"featured_media":0,"parent":0,"menu_order":0,"comment_status":"closed","ping_status":"closed","template":"","meta":{"_joinchat":[],"footnotes":""},"class_list":["post-4867","page","type-page","status-publish","hentry"],"_links":{"self":[{"href":"https:\/\/dacflex.com\/zoho\/wp-json\/wp\/v2\/pages\/4867","targetHints":{"allow":["GET"]}}],"collection":[{"href":"https:\/\/dacflex.com\/zoho\/wp-json\/wp\/v2\/pages"}],"about":[{"href":"https:\/\/dacflex.com\/zoho\/wp-json\/wp\/v2\/types\/page"}],"author":[{"embeddable":true,"href":"https:\/\/dacflex.com\/zoho\/wp-json\/wp\/v2\/users\/1"}],"replies":[{"embeddable":true,"href":"https:\/\/dacflex.com\/zoho\/wp-json\/wp\/v2\/comments?post=4867"}],"version-history":[{"count":7,"href":"https:\/\/dacflex.com\/zoho\/wp-json\/wp\/v2\/pages\/4867\/revisions"}],"predecessor-version":[{"id":4875,"href":"https:\/\/dacflex.com\/zoho\/wp-json\/wp\/v2\/pages\/4867\/revisions\/4875"}],"wp:attachment":[{"href":"https:\/\/dacflex.com\/zoho\/wp-json\/wp\/v2\/media?parent=4867"}],"curies":[{"name":"wp","href":"https:\/\/api.w.org\/{rel}","templated":true}]}}