{"id":4876,"date":"2025-01-03T19:50:36","date_gmt":"2025-01-03T19:50:36","guid":{"rendered":"https:\/\/dacflex.com\/zoho\/?page_id=4876"},"modified":"2025-01-03T19:52:56","modified_gmt":"2025-01-03T19:52:56","slug":"zoho-desk","status":"publish","type":"page","link":"https:\/\/dacflex.com\/zoho\/zoho-desk\/","title":{"rendered":"Zoho Desk"},"content":{"rendered":"\t\t<div data-elementor-type=\"wp-page\" data-elementor-id=\"4876\" class=\"elementor elementor-4876\">\n\t\t\t\t<div class=\"elementor-element elementor-element-33b98f9 e-flex e-con-boxed e-con e-parent\" data-id=\"33b98f9\" data-element_type=\"container\" data-e-type=\"container\">\n\t\t\t\t\t<div class=\"e-con-inner\">\n\t\t<div class=\"elementor-element elementor-element-065ab7b e-con-full e-flex e-con e-child\" data-id=\"065ab7b\" data-element_type=\"container\" data-e-type=\"container\">\n\t\t\t\t<div class=\"elementor-element elementor-element-4e3e765 elementor-widget elementor-widget-image\" data-id=\"4e3e765\" data-element_type=\"widget\" data-e-type=\"widget\" data-widget_type=\"image.default\">\n\t\t\t\t<div class=\"elementor-widget-container\">\n\t\t\t\t\t\t\t\t\t\t\t\t\t\t\t<img fetchpriority=\"high\" decoding=\"async\" width=\"640\" height=\"277\" src=\"https:\/\/dacflex.com\/zoho\/wp-content\/uploads\/2025\/01\/07KK87l33iv2fUtroslQbjr-18.webp\" class=\"attachment-large size-large wp-image-4884\" alt=\"\" srcset=\"https:\/\/dacflex.com\/zoho\/wp-content\/uploads\/2025\/01\/07KK87l33iv2fUtroslQbjr-18.webp 684w, https:\/\/dacflex.com\/zoho\/wp-content\/uploads\/2025\/01\/07KK87l33iv2fUtroslQbjr-18-300x130.webp 300w\" sizes=\"(max-width: 640px) 100vw, 640px\" \/>\t\t\t\t\t\t\t\t\t\t\t\t\t\t\t<\/div>\n\t\t\t\t<\/div>\n\t\t\t\t<\/div>\n\t\t<div class=\"elementor-element elementor-element-aa97c53 e-con-full e-flex e-con e-child\" data-id=\"aa97c53\" data-element_type=\"container\" data-e-type=\"container\">\n\t\t\t\t<div class=\"elementor-element elementor-element-f0a6e28 elementor-widget elementor-widget-heading\" data-id=\"f0a6e28\" data-element_type=\"widget\" data-e-type=\"widget\" data-widget_type=\"heading.default\">\n\t\t\t\t<div class=\"elementor-widget-container\">\n\t\t\t\t\t<h2 class=\"elementor-heading-title elementor-size-default\">Zoho Desk<\/h2>\t\t\t\t<\/div>\n\t\t\t\t<\/div>\n\t\t\t\t<div class=\"elementor-element elementor-element-51720b1 elementor-widget elementor-widget-heading\" data-id=\"51720b1\" data-element_type=\"widget\" data-e-type=\"widget\" data-widget_type=\"heading.default\">\n\t\t\t\t<div class=\"elementor-widget-container\">\n\t\t\t\t\t<h2 class=\"elementor-heading-title elementor-size-default\">Soporte al Cliente de Primera Clase<\/h2>\t\t\t\t<\/div>\n\t\t\t\t<\/div>\n\t\t\t\t<div class=\"elementor-element elementor-element-beaa438 elementor-widget elementor-widget-text-editor\" data-id=\"beaa438\" data-element_type=\"widget\" data-e-type=\"widget\" data-widget_type=\"text-editor.default\">\n\t\t\t\t<div class=\"elementor-widget-container\">\n\t\t\t\t\t\t\t\t\t<p>Zoho Desk es la plataforma ideal para gestionar eficientemente el servicio al cliente. Centraliza consultas de m\u00faltiples canales (correo, chat, redes sociales) en un solo lugar, permitiendo resolver problemas r\u00e1pidamente y mejorar la experiencia del cliente.<\/p><p>Con herramientas de automatizaci\u00f3n, reportes detallados y personalizaci\u00f3n avanzada, Zoho Desk ayuda a tu equipo a ofrecer un soporte m\u00e1s r\u00e1pido, eficiente y proactivo. Es la soluci\u00f3n perfecta para empresas que buscan fidelizar clientes con un servicio excepcional.<\/p>\t\t\t\t\t\t\t\t<\/div>\n\t\t\t\t<\/div>\n\t\t\t\t<\/div>\n\t\t\t\t\t<\/div>\n\t\t\t\t<\/div>\n\t\t\t\t<\/div>\n\t\t","protected":false},"excerpt":{"rendered":"<p>Zoho Desk Soporte al Cliente de Primera Clase Zoho Desk es la plataforma ideal para gestionar eficientemente el servicio al cliente. Centraliza consultas de m\u00faltiples canales (correo, chat, redes sociales) en un solo lugar, permitiendo resolver problemas r\u00e1pidamente y mejorar la experiencia del cliente. Con herramientas de automatizaci\u00f3n, reportes detallados y personalizaci\u00f3n avanzada, Zoho Desk [&hellip;]<\/p>\n","protected":false},"author":1,"featured_media":0,"parent":0,"menu_order":0,"comment_status":"closed","ping_status":"closed","template":"","meta":{"_joinchat":[],"footnotes":""},"class_list":["post-4876","page","type-page","status-publish","hentry"],"_links":{"self":[{"href":"https:\/\/dacflex.com\/zoho\/wp-json\/wp\/v2\/pages\/4876","targetHints":{"allow":["GET"]}}],"collection":[{"href":"https:\/\/dacflex.com\/zoho\/wp-json\/wp\/v2\/pages"}],"about":[{"href":"https:\/\/dacflex.com\/zoho\/wp-json\/wp\/v2\/types\/page"}],"author":[{"embeddable":true,"href":"https:\/\/dacflex.com\/zoho\/wp-json\/wp\/v2\/users\/1"}],"replies":[{"embeddable":true,"href":"https:\/\/dacflex.com\/zoho\/wp-json\/wp\/v2\/comments?post=4876"}],"version-history":[{"count":10,"href":"https:\/\/dacflex.com\/zoho\/wp-json\/wp\/v2\/pages\/4876\/revisions"}],"predecessor-version":[{"id":4887,"href":"https:\/\/dacflex.com\/zoho\/wp-json\/wp\/v2\/pages\/4876\/revisions\/4887"}],"wp:attachment":[{"href":"https:\/\/dacflex.com\/zoho\/wp-json\/wp\/v2\/media?parent=4876"}],"curies":[{"name":"wp","href":"https:\/\/api.w.org\/{rel}","templated":true}]}}