{"id":9,"date":"2019-10-29T10:04:28","date_gmt":"2019-10-29T10:04:28","guid":{"rendered":"https:\/\/demo.casethemes.net\/consultio-medical\/?page_id=9"},"modified":"2025-09-02T16:26:57","modified_gmt":"2025-09-02T16:26:57","slug":"home","status":"publish","type":"page","link":"https:\/\/dacflex.com\/zoho\/","title":{"rendered":"Home"},"content":{"rendered":"\t\t<div data-elementor-type=\"wp-page\" data-elementor-id=\"9\" class=\"elementor elementor-9\">\n\t\t\t\t<div class=\"elementor-element elementor-element-f64da8c e-con-full e-flex e-con e-parent\" data-id=\"f64da8c\" data-element_type=\"container\" data-e-type=\"container\">\n\t\t<div class=\"elementor-element elementor-element-1841995 e-grid e-con-full e-con e-child\" data-id=\"1841995\" data-element_type=\"container\" data-e-type=\"container\" data-settings=\"{&quot;background_background&quot;:&quot;classic&quot;}\">\n\t\t<div class=\"elementor-element elementor-element-13658f3 e-flex e-con-boxed e-con e-child\" data-id=\"13658f3\" data-element_type=\"container\" data-e-type=\"container\">\n\t\t\t\t\t<div class=\"e-con-inner\">\n\t\t\t\t<div class=\"elementor-element elementor-element-db127ba elementor-widget elementor-widget-heading\" data-id=\"db127ba\" data-element_type=\"widget\" data-e-type=\"widget\" data-widget_type=\"heading.default\">\n\t\t\t\t<div class=\"elementor-widget-container\">\n\t\t\t\t\t<h2 class=\"elementor-heading-title elementor-size-default\">Experiencia Comprobada<\/h2>\t\t\t\t<\/div>\n\t\t\t\t<\/div>\n\t\t\t\t<div class=\"elementor-element elementor-element-68a07f4 elementor-widget elementor-widget-text-editor\" data-id=\"68a07f4\" data-element_type=\"widget\" data-e-type=\"widget\" data-widget_type=\"text-editor.default\">\n\t\t\t\t<div class=\"elementor-widget-container\">\n\t\t\t\t\t\t\t\t\t<p>Nos especializamos en Zoho Books, Zoho CRM y Zoho Desk, asegurando que cada aspecto de tu negocio est\u00e9 conectado y optimizado.<\/p>\t\t\t\t\t\t\t\t<\/div>\n\t\t\t\t<\/div>\n\t\t\t\t<div class=\"elementor-element elementor-element-4b21ddf elementor-align-center elementor-widget elementor-widget-ct_button\" data-id=\"4b21ddf\" data-element_type=\"widget\" data-e-type=\"widget\" data-widget_type=\"ct_button.default\">\n\t\t\t\t<div class=\"elementor-widget-container\">\n\t\t\t\t\t<div id=\"ct_button-4b21ddf\" class=\"ct-button-wrapper ct-button-layout1 icon- btn--inline \">\r\n    <div class=\"ct-inline-css\"  data-css=\"\r\n        \">\r\n    <\/div>\r\n            <span class=\"ct-icon-active\"><\/span>\r\n        <a href=\"https:\/\/api.whatsapp.com\/send\/?phone=18098533232&amp;text=Hola+%2AZOHO+Consulting%2A%21+Necesito+m%C3%A1s+infoZOHO+Consulting+https%3A%2F%2Fdacflex.com%2Fzoho&amp;type=phone_number&amp;app_absent=0\" target=\"_blank\" class=\"btn btn-default icon-active btn-inline-block  \" data-wow-delay=\"ms\">\r\n                            <span class=\"ct-button-icon ct-align-icon-\">\r\n                            <\/span>\r\n                <span class=\"ct-button-text\">Contacto<\/span>\r\n    <\/a>\r\n<\/div>\t\t\t\t<\/div>\n\t\t\t\t<\/div>\n\t\t\t\t\t<\/div>\n\t\t\t\t<\/div>\n\t\t\t\t<div class=\"elementor-element elementor-element-9f9a3f7 elementor-widget elementor-widget-html\" data-id=\"9f9a3f7\" data-element_type=\"widget\" data-e-type=\"widget\" data-widget_type=\"html.default\">\n\t\t\t\t<div class=\"elementor-widget-container\">\n\t\t\t\t\t<div id=\"crmWebToEntityForm\" class=\"crmWebToEntityForm\" style=\"background:#f9f9f9; padding:20px; border-radius:12px; box-shadow:0 4px 10px rgba(0,0,0,0.1); max-width:420px; margin:auto; font-family:Arial, sans-serif; color:#333;\">\r\n  <meta name=\"viewport\" content=\"width=device-width, initial-scale=1.0\">\r\n  <meta http-equiv=\"content-type\" content=\"text\/html;charset=UTF-8\">\r\n\r\n  <form id=\"webform3504795000009861003\" action=\"https:\/\/crm.zoho.com\/crm\/WebToLeadForm\" \r\n        name=\"WebToLeads3504795000009861003\" method=\"POST\" \r\n        onSubmit=\"javascript:document.charset='UTF-8'; return checkMandatory3504795000009861003()\" \r\n        accept-charset=\"UTF-8\">\r\n\r\n    <!-- Tokens requeridos -->\r\n    <input type=\"hidden\" name=\"xnQsjsdp\" value=\"4d4cf8584103eaaa2b29d9e5422178b91510bdcd4e38e87317f9e1772b28c59b\">\r\n    <input type=\"hidden\" name=\"zc_gad\" id=\"zc_gad\" value=\"\">\r\n    <input type=\"hidden\" name=\"xmIwtLD\" value=\"6ae6ae2089f504f231f3118abd149e76a36f5fe74850a9f7019353fac4199b8bbe77824d8f275a2a9e75d96ce1a377aa\">\r\n    <input type=\"hidden\" name=\"actionType\" value=\"TGVhZHM=\">\r\n    <input type=\"hidden\" name=\"returnURL\" value=\"https:\/\/dacflex.com\/zoho\/resultado-form-portada\/\">\r\n\r\n    <!-- Nombre Cliente -->\r\n    <div style=\"margin-bottom:15px;\">\r\n      <label for=\"Last_Name\" style=\"display:block; font-weight:bold; margin-bottom:6px;\">Nombre Cliente <span style=\"color:red;\">*<\/span><\/label>\r\n      <input type=\"text\" id=\"Last_Name\" name=\"Last Name\" maxlength=\"80\" style=\"width:100%; padding:10px; border:1px solid #ccc; border-radius:8px;\">\r\n    <\/div>\r\n\r\n    <!-- Correo -->\r\n    <div style=\"margin-bottom:15px;\">\r\n      <label for=\"Email\" style=\"display:block; font-weight:bold; margin-bottom:6px;\">Correo electr\u00f3nico <span style=\"color:red;\">*<\/span><\/label>\r\n      <input type=\"email\" id=\"Email\" name=\"Email\" maxlength=\"100\" style=\"width:100%; padding:10px; border:1px solid #ccc; border-radius:8px;\">\r\n    <\/div>\r\n\r\n    <!-- Tel\u00e9fono -->\r\n    <div style=\"margin-bottom:15px;\">\r\n      <label for=\"Phone\" style=\"display:block; font-weight:bold; margin-bottom:6px;\">Tel\u00e9fono <span style=\"color:red;\">*<\/span><\/label>\r\n      <input type=\"text\" id=\"Phone\" name=\"Phone\" maxlength=\"30\" style=\"width:100%; padding:10px; border:1px solid #ccc; border-radius:8px;\">\r\n    <\/div>\r\n\r\n    <!-- Empresa -->\r\n    <div style=\"margin-bottom:15px;\">\r\n      <label for=\"Company\" style=\"display:block; font-weight:bold; margin-bottom:6px;\">Empresa<\/label>\r\n      <input type=\"text\" id=\"Company\" name=\"Company\" maxlength=\"200\" style=\"width:100%; padding:10px; border:1px solid #ccc; border-radius:8px;\">\r\n    <\/div>\r\n\r\n    <!-- \u00bfQu\u00e9 podemos hacer por usted hoy? -->\r\n    <div style=\"margin-bottom:20px;\">\r\n      <label for=\"Description\" style=\"display:block; font-weight:bold; margin-bottom:6px;\">\u00bfQu\u00e9 podemos hacer por usted hoy?<\/label>\r\n      <textarea id=\"Description\" name=\"Description\" rows=\"4\" style=\"width:100%; padding:10px; border:1px solid #ccc; border-radius:8px; resize:vertical;\"><\/textarea>\r\n    <\/div>\r\n\r\n    <!-- Google reCAPTCHA centrado -->\r\n    <div style=\"text-align:center; margin:20px 0;\">\r\n      <div class=\"g-recaptcha\" data-sitekey=\"6LfCobkrAAAAAGFEtgHKrystQxqZR0EL9ZNXqhWE\"><\/div>\r\n    <\/div>\r\n    <script src=\"https:\/\/www.google.com\/recaptcha\/api.js\" async defer><\/script>\r\n\r\n    <!-- Botones -->\r\n    <div style=\"text-align:center; margin-top:20px;\">\r\n      <input type=\"submit\" id=\"formsubmit\" class=\"zcwf_button\" value=\"Enviar\" \r\n             style=\"background:#0073e6; color:#fff; border:none; padding:10px 20px; border-radius:8px; cursor:pointer; font-weight:bold;\">\r\n      <input type=\"reset\" class=\"zcwf_button\" name=\"reset\" value=\"Restablecer\" \r\n             style=\"background:#ccc; color:#333; border:none; padding:10px 20px; border-radius:8px; cursor:pointer; margin-left:10px;\">\r\n    <\/div>\r\n\r\n  <\/form>\r\n<\/div>\r\n\t\t\t\t<\/div>\n\t\t\t\t<\/div>\n\t\t\t\t<\/div>\n\t\t\t\t<\/div>\n\t\t        <section class=\"elementor-section elementor-top-section elementor-element elementor-element-9d3d95e elementor-section-content-middle elementor-section-boxed elementor-section-height-default elementor-section-height-default ct-header-fixed-none ct-row-max-none\" data-id=\"9d3d95e\" data-element_type=\"section\" data-e-type=\"section\" data-settings=\"{&quot;background_background&quot;:&quot;classic&quot;}\">\n                            <div class=\"elementor-background-overlay\"><\/div>\n                \n                        <div class=\"elementor-container elementor-column-gap-extended \">\n                    <div class=\"elementor-column elementor-col-100 elementor-top-column elementor-element elementor-element-f3cd9f5\" data-id=\"f3cd9f5\" data-element_type=\"column\" data-e-type=\"column\">\n        <div class=\"elementor-widget-wrap elementor-element-populated\">\n                    \n        \t\t<div class=\"elementor-element elementor-element-fe707ac elementor-widget elementor-widget-text-editor\" data-id=\"fe707ac\" data-element_type=\"widget\" data-e-type=\"widget\" data-widget_type=\"text-editor.default\">\n\t\t\t\t<div class=\"elementor-widget-container\">\n\t\t\t\t\t\t\t\t\t<h2 style=\"text-align: center;\">\u00a1Diga adi\u00f3s a las tareas manuales y hola a la eficiencia!<\/h2>\t\t\t\t\t\t\t\t<\/div>\n\t\t\t\t<\/div>\n\t\t\t\t<div class=\"elementor-element elementor-element-353b01b elementor-widget elementor-widget-text-editor\" data-id=\"353b01b\" data-element_type=\"widget\" data-e-type=\"widget\" data-widget_type=\"text-editor.default\">\n\t\t\t\t<div class=\"elementor-widget-container\">\n\t\t\t\t\t\t\t\t\t<div>Nuestra empresa se especializa en utilizar aplicaciones basadas en la nube l\u00edderes en la industria para optimizar sus operaciones, aumentar la eficiencia y la productividad y brindarle la ventaja competitiva que necesita para tener \u00e9xito.\u00a0<\/div><div>\u00a0<\/div><div>\u00a1Diga adi\u00f3s a las tareas manuales, la entrada de datos redundante y los procesos obsoletos, y d\u00e9 la bienvenida a un negocio m\u00e1s inteligente, m\u00e1s optimizado y m\u00e1s rentable!<\/div>\t\t\t\t\t\t\t\t<\/div>\n\t\t\t\t<\/div>\n\t\t            <\/div>\n        <\/div>\n                    <\/div>\n        <\/section>\n                <section class=\"elementor-section elementor-top-section elementor-element elementor-element-2441c28 elementor-section-boxed elementor-section-height-default elementor-section-height-default ct-header-fixed-none ct-row-max-none\" data-id=\"2441c28\" data-element_type=\"section\" data-e-type=\"section\">\n            \n                        <div class=\"elementor-container elementor-column-gap-extended \">\n                    <div class=\"elementor-column elementor-col-25 elementor-top-column elementor-element elementor-element-b236480\" data-id=\"b236480\" data-element_type=\"column\" data-e-type=\"column\">\n        <div class=\"elementor-widget-wrap elementor-element-populated\">\n                    \n        \t\t<div class=\"elementor-element elementor-element-710e4bc elementor-widget elementor-widget-ct_fancy_box\" data-id=\"710e4bc\" data-element_type=\"widget\" data-e-type=\"widget\" data-widget_type=\"ct_fancy_box.default\">\n\t\t\t\t<div class=\"elementor-widget-container\">\n\t\t\t\t\t<div class=\"ct-fancy-box ct-fancy-box-layout8 same-height \" data-wow-delay=\"ms\">\r\n                <div class=\"item--icon\">\r\n            <img decoding=\"async\" width=\"100\" height=\"100\" src=\"https:\/\/dacflex.com\/zoho\/wp-content\/uploads\/2020\/02\/medical-icon1.png\" class=\"attachment-full\" alt=\"\" \/>        <\/div>\r\n        <div class=\"item--holder\">\r\n        <h3 class=\"item--title\">\r\n            Atenci\u00f3n al Cliente        <\/h3>\r\n        <div class=\"item--description\">Ofrecemos un servicio al cliente excepcional,  para atender tus necesidades de manera r\u00e1pida y eficiente.<\/div>\r\n    <\/div>\r\n    <\/div>\t\t\t\t<\/div>\n\t\t\t\t<\/div>\n\t\t\t\t<div class=\"elementor-element elementor-element-92029aa elementor-align-center elementor-widget elementor-widget-button\" data-id=\"92029aa\" data-element_type=\"widget\" data-e-type=\"widget\" data-widget_type=\"button.default\">\n\t\t\t\t<div class=\"elementor-widget-container\">\n\t\t\t\t\t\t\t\t\t<div class=\"elementor-button-wrapper\">\n\t\t\t\t\t<a class=\"elementor-button elementor-button-link elementor-size-sm\" href=\"https:\/\/api.whatsapp.com\/send\/?phone=18098533232&#038;text=Hola+%2AZOHO+Consulting%2A%21+Necesito+m%C3%A1s+infoZOHO+Consulting+https%3A%2F%2Fdacflex.com%2Fzoho&#038;type=phone_number&#038;app_absent=0\">\n\t\t\t\t\t\t<span class=\"elementor-button-content-wrapper\">\n\t\t\t\t\t\t\t\t\t<span class=\"elementor-button-text\">M\u00e1s Informaci\u00f3n<\/span>\n\t\t\t\t\t<\/span>\n\t\t\t\t\t<\/a>\n\t\t\t\t<\/div>\n\t\t\t\t\t\t\t\t<\/div>\n\t\t\t\t<\/div>\n\t\t            <\/div>\n        <\/div>\n                <div class=\"elementor-column elementor-col-25 elementor-top-column elementor-element elementor-element-ac23dad\" data-id=\"ac23dad\" data-element_type=\"column\" data-e-type=\"column\">\n        <div class=\"elementor-widget-wrap elementor-element-populated\">\n                    \n        \t\t<div class=\"elementor-element elementor-element-de1fe65 elementor-widget elementor-widget-ct_fancy_box\" data-id=\"de1fe65\" data-element_type=\"widget\" data-e-type=\"widget\" data-widget_type=\"ct_fancy_box.default\">\n\t\t\t\t<div class=\"elementor-widget-container\">\n\t\t\t\t\t<div class=\"ct-fancy-box ct-fancy-box-layout8 same-height \" data-wow-delay=\"ms\">\r\n            <div class=\"item--icon\">\r\n            <i aria-hidden=\"true\" class=\"material zmdi zmdi-bookmark-outline\"><\/i>        <\/div>\r\n            <div class=\"item--holder\">\r\n        <h3 class=\"item--title\">\r\n            Zoho Books        <\/h3>\r\n        <div class=\"item--description\">Zoho Books es una soluci\u00f3n de contabilidad en la nube que simplifica la gesti\u00f3n financiera de tu negocio.<\/div>\r\n    <\/div>\r\n    <\/div>\t\t\t\t<\/div>\n\t\t\t\t<\/div>\n\t\t\t\t<div class=\"elementor-element elementor-element-b535f76 elementor-align-center elementor-widget elementor-widget-button\" data-id=\"b535f76\" data-element_type=\"widget\" data-e-type=\"widget\" data-widget_type=\"button.default\">\n\t\t\t\t<div class=\"elementor-widget-container\">\n\t\t\t\t\t\t\t\t\t<div class=\"elementor-button-wrapper\">\n\t\t\t\t\t<a class=\"elementor-button elementor-button-link elementor-size-sm\" href=\"https:\/\/dacflex.com\/zoho\/zoho-books\/\">\n\t\t\t\t\t\t<span class=\"elementor-button-content-wrapper\">\n\t\t\t\t\t\t\t\t\t<span class=\"elementor-button-text\">M\u00e1s Informaci\u00f3n<\/span>\n\t\t\t\t\t<\/span>\n\t\t\t\t\t<\/a>\n\t\t\t\t<\/div>\n\t\t\t\t\t\t\t\t<\/div>\n\t\t\t\t<\/div>\n\t\t            <\/div>\n        <\/div>\n                <div class=\"elementor-column elementor-col-25 elementor-top-column elementor-element elementor-element-9245a6b\" data-id=\"9245a6b\" data-element_type=\"column\" data-e-type=\"column\">\n        <div class=\"elementor-widget-wrap elementor-element-populated\">\n                    \n        \t\t<div class=\"elementor-element elementor-element-622d9d7 elementor-widget elementor-widget-ct_fancy_box\" data-id=\"622d9d7\" data-element_type=\"widget\" data-e-type=\"widget\" data-widget_type=\"ct_fancy_box.default\">\n\t\t\t\t<div class=\"elementor-widget-container\">\n\t\t\t\t\t<div class=\"ct-fancy-box ct-fancy-box-layout8 same-height \" data-wow-delay=\"ms\">\r\n                <div class=\"item--icon\">\r\n            <img decoding=\"async\" width=\"58\" height=\"100\" src=\"https:\/\/dacflex.com\/zoho\/wp-content\/uploads\/2020\/02\/medical-icon2.png\" class=\"attachment-full\" alt=\"\" \/>        <\/div>\r\n        <div class=\"item--holder\">\r\n        <h3 class=\"item--title\">\r\n            Zoho CRM        <\/h3>\r\n        <div class=\"item--description\">Zoho CRM es una soluci\u00f3n integral dise\u00f1ada para gestionar y optimizar las relaciones con tus clientes. <\/div>\r\n    <\/div>\r\n    <\/div>\t\t\t\t<\/div>\n\t\t\t\t<\/div>\n\t\t\t\t<div class=\"elementor-element elementor-element-0c5c9ba elementor-align-center elementor-widget elementor-widget-button\" data-id=\"0c5c9ba\" data-element_type=\"widget\" data-e-type=\"widget\" data-widget_type=\"button.default\">\n\t\t\t\t<div class=\"elementor-widget-container\">\n\t\t\t\t\t\t\t\t\t<div class=\"elementor-button-wrapper\">\n\t\t\t\t\t<a class=\"elementor-button elementor-button-link elementor-size-sm\" href=\"https:\/\/dacflex.com\/zoho\/zoho-crm\/\">\n\t\t\t\t\t\t<span class=\"elementor-button-content-wrapper\">\n\t\t\t\t\t\t\t\t\t<span class=\"elementor-button-text\">M\u00e1s Informaci\u00f3n<\/span>\n\t\t\t\t\t<\/span>\n\t\t\t\t\t<\/a>\n\t\t\t\t<\/div>\n\t\t\t\t\t\t\t\t<\/div>\n\t\t\t\t<\/div>\n\t\t            <\/div>\n        <\/div>\n                <div class=\"elementor-column elementor-col-25 elementor-top-column elementor-element elementor-element-4993060\" data-id=\"4993060\" data-element_type=\"column\" data-e-type=\"column\">\n        <div class=\"elementor-widget-wrap elementor-element-populated\">\n                    \n        \t\t<div class=\"elementor-element elementor-element-e0c9aee elementor-widget elementor-widget-ct_fancy_box\" data-id=\"e0c9aee\" data-element_type=\"widget\" data-e-type=\"widget\" data-widget_type=\"ct_fancy_box.default\">\n\t\t\t\t<div class=\"elementor-widget-container\">\n\t\t\t\t\t<div class=\"ct-fancy-box ct-fancy-box-layout8 same-height \" data-wow-delay=\"ms\">\r\n            <div class=\"item--icon\">\r\n            <i aria-hidden=\"true\" class=\"material zmdi zmdi-assignment-check\"><\/i>        <\/div>\r\n            <div class=\"item--holder\">\r\n        <h3 class=\"item--title\">\r\n            Zoho Desk        <\/h3>\r\n        <div class=\"item--description\">Zoho Desk es una plataforma de atenci\u00f3n al cliente para gestionar y resolver consultas.<\/div>\r\n    <\/div>\r\n    <\/div>\t\t\t\t<\/div>\n\t\t\t\t<\/div>\n\t\t\t\t<div class=\"elementor-element elementor-element-1c07cc9 elementor-align-center elementor-widget elementor-widget-button\" data-id=\"1c07cc9\" data-element_type=\"widget\" data-e-type=\"widget\" data-widget_type=\"button.default\">\n\t\t\t\t<div class=\"elementor-widget-container\">\n\t\t\t\t\t\t\t\t\t<div class=\"elementor-button-wrapper\">\n\t\t\t\t\t<a class=\"elementor-button elementor-button-link elementor-size-sm\" href=\"https:\/\/dacflex.com\/zoho\/zoho-desk\/\">\n\t\t\t\t\t\t<span class=\"elementor-button-content-wrapper\">\n\t\t\t\t\t\t\t\t\t<span class=\"elementor-button-text\">M\u00e1s Informaci\u00f3n<\/span>\n\t\t\t\t\t<\/span>\n\t\t\t\t\t<\/a>\n\t\t\t\t<\/div>\n\t\t\t\t\t\t\t\t<\/div>\n\t\t\t\t<\/div>\n\t\t            <\/div>\n        <\/div>\n                    <\/div>\n        <\/section>\n        <div class=\"elementor-element elementor-element-44335fd e-flex e-con-boxed e-con e-parent\" data-id=\"44335fd\" data-element_type=\"container\" data-e-type=\"container\">\n\t\t\t\t\t<div class=\"e-con-inner\">\n\t\t\t\t<div class=\"elementor-element elementor-element-cedb740 elementor-widget elementor-widget-spacer\" data-id=\"cedb740\" data-element_type=\"widget\" data-e-type=\"widget\" data-widget_type=\"spacer.default\">\n\t\t\t\t<div class=\"elementor-widget-container\">\n\t\t\t\t\t\t\t<div class=\"elementor-spacer\">\n\t\t\t<div class=\"elementor-spacer-inner\"><\/div>\n\t\t<\/div>\n\t\t\t\t\t\t<\/div>\n\t\t\t\t<\/div>\n\t\t\t\t\t<\/div>\n\t\t\t\t<\/div>\n\t\t\t\t<\/div>\n\t\t","protected":false},"excerpt":{"rendered":"<p>Experiencia Comprobada Nos especializamos en Zoho Books, Zoho CRM y Zoho Desk, asegurando que cada aspecto de tu negocio est\u00e9 conectado y optimizado. Contacto Nombre Cliente * Correo electr\u00f3nico * Tel\u00e9fono * Empresa \u00bfQu\u00e9 podemos hacer por usted hoy? \u00a1Diga adi\u00f3s a las tareas manuales y hola a la eficiencia! Nuestra empresa se especializa en [&hellip;]<\/p>\n","protected":false},"author":1,"featured_media":0,"parent":0,"menu_order":0,"comment_status":"closed","ping_status":"closed","template":"","meta":{"_joinchat":[],"footnotes":""},"class_list":["post-9","page","type-page","status-publish","hentry"],"_links":{"self":[{"href":"https:\/\/dacflex.com\/zoho\/wp-json\/wp\/v2\/pages\/9","targetHints":{"allow":["GET"]}}],"collection":[{"href":"https:\/\/dacflex.com\/zoho\/wp-json\/wp\/v2\/pages"}],"about":[{"href":"https:\/\/dacflex.com\/zoho\/wp-json\/wp\/v2\/types\/page"}],"author":[{"embeddable":true,"href":"https:\/\/dacflex.com\/zoho\/wp-json\/wp\/v2\/users\/1"}],"replies":[{"embeddable":true,"href":"https:\/\/dacflex.com\/zoho\/wp-json\/wp\/v2\/comments?post=9"}],"version-history":[{"count":150,"href":"https:\/\/dacflex.com\/zoho\/wp-json\/wp\/v2\/pages\/9\/revisions"}],"predecessor-version":[{"id":5048,"href":"https:\/\/dacflex.com\/zoho\/wp-json\/wp\/v2\/pages\/9\/revisions\/5048"}],"wp:attachment":[{"href":"https:\/\/dacflex.com\/zoho\/wp-json\/wp\/v2\/media?parent=9"}],"curies":[{"name":"wp","href":"https:\/\/api.w.org\/{rel}","templated":true}]}}